{"id":3618,"date":"2019-09-27T11:12:03","date_gmt":"2019-09-27T09:12:03","guid":{"rendered":"https:\/\/klappe-auf.com\/?page_id=3618"},"modified":"2025-02-05T12:29:23","modified_gmt":"2025-02-05T11:29:23","slug":"template","status":"publish","type":"page","link":"https:\/\/klappe-auf.com\/en\/template\/","title":{"rendered":"template"},"content":{"rendered":"<p>[et_pb_section fb_built=&#8221;1&#8243; disabled_on=&#8221;on|on|off&#8221; admin_label=&#8221;Header Festivalleiste&#8221; module_id=&#8221;festival-header&#8221; _builder_version=&#8221;4.17.6&#8243; custom_padding=&#8221;||||false|false&#8221; z_index_tablet=&#8221;500&#8243; custom_css_main_element=&#8221;||&#8221; box_shadow_horizontal_tablet=&#8221;0px&#8221; box_shadow_vertical_tablet=&#8221;0px&#8221; box_shadow_blur_tablet=&#8221;40px&#8221; box_shadow_spread_tablet=&#8221;0px&#8221; global_module=&#8221;1457&#8243; locked=&#8221;off&#8221; collapsed=&#8221;off&#8221; global_colors_info=&#8221;{}&#8221;][et_pb_row make_equal=&#8221;on&#8221; _builder_version=&#8221;4.16&#8243; module_alignment=&#8221;center&#8221; custom_padding=&#8221;7px|0px|0|0px|false|false&#8221; global_colors_info=&#8221;{}&#8221;][et_pb_column type=&#8221;4_4&#8243; _builder_version=&#8221;4.16&#8243; custom_padding=&#8221;|||&#8221; global_colors_info=&#8221;{}&#8221; custom_padding__hover=&#8221;|||&#8221;][et_pb_text disabled_on=&#8221;off|off|off&#8221; _builder_version=&#8221;4.27.4&#8243; text_font=&#8221;|700|||||||&#8221; text_text_color=&#8221;#000000&#8243; text_font_size=&#8221;16px&#8221; background_color=&#8221;RGBA(255,255,255,0)&#8221; background_size=&#8221;initial&#8221; background_position=&#8221;top_left&#8221; background_repeat=&#8221;repeat&#8221; custom_padding=&#8221;|||90px|false|false&#8221; text_font_size_phone=&#8221;30&#8243; text_font_size_last_edited=&#8221;off|tablet&#8221; global_colors_info=&#8221;{}&#8221; border_color_all__hover_enabled=&#8221;off|desktop&#8221;]<\/p>\n<h5 class=\"p1\"><span class=\"festival-header-text\"><strong>6. KLAPPE AUF! Kurzfilmfestival <\/strong>4.-5. April 2025<\/span><\/h5>\n<p>[\/et_pb_text][\/et_pb_column][\/et_pb_row][\/et_pb_section][et_pb_section fb_built=&#8221;1&#8243; disabled_on=&#8221;off|off|on&#8221; admin_label=&#8221;Header Festivalleiste Mobil&#8221; module_id=&#8221;festival-header-mobile&#8221; _builder_version=&#8221;4.17.6&#8243; z_index_tablet=&#8221;500&#8243; custom_css_main_element=&#8221; top: 0px;&#8221; box_shadow_horizontal_tablet=&#8221;0px&#8221; box_shadow_vertical_tablet=&#8221;0px&#8221; box_shadow_blur_tablet=&#8221;40px&#8221; box_shadow_spread_tablet=&#8221;0px&#8221; global_module=&#8221;3103&#8243; collapsed=&#8221;off&#8221; global_colors_info=&#8221;{}&#8221;][et_pb_row make_equal=&#8221;on&#8221; _builder_version=&#8221;4.16&#8243; module_alignment=&#8221;center&#8221; custom_padding=&#8221;7px|0px|0|0px|false|false&#8221; global_colors_info=&#8221;{}&#8221;][et_pb_column type=&#8221;4_4&#8243; _builder_version=&#8221;4.16&#8243; custom_padding=&#8221;|||&#8221; global_colors_info=&#8221;{}&#8221; custom_padding__hover=&#8221;|||&#8221;][et_pb_text disabled_on=&#8221;off|off|off&#8221; _builder_version=&#8221;4.27.4&#8243; text_font=&#8221;|700|||||||&#8221; text_text_color=&#8221;#000000&#8243; text_font_size=&#8221;16px&#8221; text_line_height=&#8221;2.6em&#8221; background_color=&#8221;RGBA(255,255,255,0)&#8221; background_size=&#8221;initial&#8221; background_position=&#8221;top_left&#8221; background_repeat=&#8221;repeat&#8221; custom_padding=&#8221;|||90px|false|false&#8221; text_font_size_phone=&#8221;30&#8243; text_font_size_last_edited=&#8221;off|tablet&#8221; border_color_all=&#8221;#ffffff&#8221; global_colors_info=&#8221;{}&#8221;]<\/p>\n<h5 class=\"p1\"><span class=\"festival-header-text\"><strong>6. KLAPPE AUF! Kurzfilmfestival <\/strong>4.-5. April 2025<\/span><\/h5>\n<p>[\/et_pb_text][\/et_pb_column][\/et_pb_row][\/et_pb_section][et_pb_section fb_built=&#8221;1&#8243; _builder_version=&#8221;4.16&#8243; global_colors_info=&#8221;{}&#8221;][et_pb_row column_padding_mobile=&#8221;on&#8221; custom_padding_last_edited=&#8221;on|phone&#8221; _builder_version=&#8221;4.16&#8243; background_size=&#8221;initial&#8221; background_position=&#8221;top_left&#8221; background_repeat=&#8221;repeat&#8221; module_alignment=&#8221;center&#8221; custom_padding=&#8221;0||40px||false|false&#8221; custom_padding_tablet=&#8221;&#8221; custom_padding_phone=&#8221;0px||0px|&#8221; use_custom_width=&#8221;on&#8221; global_colors_info=&#8221;{}&#8221;][et_pb_column type=&#8221;4_4&#8243; _builder_version=&#8221;4.16&#8243; custom_padding=&#8221;|||&#8221; global_colors_info=&#8221;{}&#8221; custom_padding__hover=&#8221;|||&#8221;][et_pb_image src=&#8221;https:\/\/klappe-auf.com\/wp-content\/uploads\/2018\/06\/Klappomat-aufmacher_neu.jpg&#8221; align_tablet=&#8221;center&#8221; align_phone=&#8221;&#8221; align_last_edited=&#8221;on|desktop&#8221; _builder_version=&#8221;4.16&#8243; global_colors_info=&#8221;{}&#8221;][\/et_pb_image][et_pb_text disabled_on=&#8221;on||&#8221; _builder_version=&#8221;4.16&#8243; text_font=&#8221;|800|||||||&#8221; text_text_color=&#8221;#ffffff&#8221; text_letter_spacing=&#8221;3px&#8221; text_line_height=&#8221;1.1em&#8221; background_color=&#8221;#8a025d&#8221; background_size=&#8221;initial&#8221; background_position=&#8221;top_left&#8221; background_repeat=&#8221;repeat&#8221; text_orientation=&#8221;center&#8221; max_width=&#8221;99%&#8221; module_alignment=&#8221;center&#8221; text_font_size_phone=&#8221;30&#8243; text_font_size_last_edited=&#8221;off|tablet&#8221; custom_css_main_element=&#8221;position: relative;||padding: 5px;||top: 48px; \/* Adjust to center text over the line *\/||background: ##8a025d; \/* covers the divider line *\/||width: 240px; \/* extends the background wider than the text *\/||z-index: 6; \/* puts the text on top of the line *\/||text-align: center;&#8221; border_width_all=&#8221;4px&#8221; border_color_all=&#8221;#ffffff&#8221; use_border_color=&#8221;on&#8221; global_colors_info=&#8221;{}&#8221;]<\/p>\n<p style=\"text-align: center;\">WEITERE PROJEKTE<\/p>\n<p>[\/et_pb_text][et_pb_divider divider_style=&#8221;dotted&#8221; divider_weight=&#8221;4&#8243; disabled_on=&#8221;on|undefined|undefined&#8221; _builder_version=&#8221;4.16&#8243; height=&#8221;3px&#8221; custom_css_main_element=&#8221;display: block !important;||z-index: 4 !important;||margin: 0 auto; \/* centers the divider *\/&#8221; saved_tabs=&#8221;all&#8221; global_colors_info=&#8221;{}&#8221;]&nbsp;<br \/>\n[\/et_pb_divider][\/et_pb_column][\/et_pb_row][et_pb_row column_structure=&#8221;1_3,2_3&#8243; use_custom_gutter=&#8221;on&#8221; gutter_width=&#8221;2&#8243; _builder_version=&#8221;4.16&#8243; global_colors_info=&#8221;{}&#8221;][et_pb_column type=&#8221;1_3&#8243; _builder_version=&#8221;4.16&#8243; custom_padding=&#8221;|||&#8221; global_colors_info=&#8221;{}&#8221; custom_padding__hover=&#8221;|||&#8221;][et_pb_image src=&#8221;https:\/\/klappe-auf.com\/wp-content\/uploads\/2018\/06\/Klappomat_neu.jpg&#8221; show_in_lightbox=&#8221;on&#8221; align_tablet=&#8221;center&#8221; align_phone=&#8221;&#8221; align_last_edited=&#8221;on|desktop&#8221; disabled_on=&#8221;on||&#8221; _builder_version=&#8221;4.16&#8243; global_colors_info=&#8221;{}&#8221;][\/et_pb_image][\/et_pb_column][et_pb_column type=&#8221;2_3&#8243; _builder_version=&#8221;4.16&#8243; custom_padding=&#8221;|||&#8221; global_colors_info=&#8221;{}&#8221; custom_padding__hover=&#8221;|||&#8221;][et_pb_text _builder_version=&#8221;4.16&#8243; header_font=&#8221;|700|||||||&#8221; custom_padding=&#8221;||25px|&#8221; border_radii=&#8221;on|3px|3px|3px|3px&#8221; saved_tabs=&#8221;all&#8221; global_colors_info=&#8221;{}&#8221;]<\/p>\n<h1 class=\"p1\">KLAPPOMAT<\/h1>\n<p class=\"p1\">Das inklusive Team des KLAPPE AUF! &#8211; Kurzfilmfestivals plant eine mobile, begehbare Skulptur &#8211; den KLAPPOMAT, der auf jeder unserer zuk\u00fcnftigen Veranstaltungen aufgebaut werden kann und den wir anderen Interessierten zur Verf\u00fcgung stellen. Der KLAPPOMAT soll unseren G\u00e4sten Anreize zu einer experimentellen Wahrnehnungserweiterung schaffen und eine M\u00f6glichkeit bieten, die eigenen Sinneseindr\u00fccke im zu sch\u00e4rfen.<br \/>\nBeim KLAPPE AUF! Kurzfilmfestival 2017 haben wir schon mal ein wenig experimentiert. Im Vorfeld des Festivals hatten wir spontane Audiodeskriptionen aufgenommen und einen Loop mit den unterschiedlichen Fassungen zusammengestellt. Der erste KLAPPOMAT stand im Vorraum des Kinosaals und wurde rege von unseren Besuchern angenommen.<br \/>\nWir danken Anselm Belser, dass er uns seinen Kurzfilm FELIX<span class=\"Apple-converted-space\">\u00a0 <\/span>aus dem Jahr 2011 f\u00fcr dieses Projekt zur Verf\u00fcgung gestellt hat.<\/p>\n<p>[\/et_pb_text][\/et_pb_column][\/et_pb_row][et_pb_row column_structure=&#8221;1_3,2_3&#8243; use_custom_gutter=&#8221;on&#8221; gutter_width=&#8221;2&#8243; column_padding_mobile=&#8221;on&#8221; custom_padding_last_edited=&#8221;off|phone&#8221; _builder_version=&#8221;4.16&#8243; background_size=&#8221;initial&#8221; background_position=&#8221;top_left&#8221; background_repeat=&#8221;repeat&#8221; locked=&#8221;off&#8221; global_colors_info=&#8221;{}&#8221;][et_pb_column type=&#8221;1_3&#8243; _builder_version=&#8221;4.16&#8243; background_color=&#8221;#ffffff&#8221; custom_padding=&#8221;|||&#8221; global_colors_info=&#8221;{}&#8221; custom_padding__hover=&#8221;|||&#8221;][et_pb_image src=&#8221;https:\/\/klappe-auf.com\/wp-content\/uploads\/2018\/06\/Gebaerde_neu.jpg&#8221; url=&#8221;\/barrierefreies-kino\/&#8221; align_tablet=&#8221;center&#8221; align_phone=&#8221;&#8221; align_last_edited=&#8221;on|desktop&#8221; _builder_version=&#8221;4.16&#8243; background_size=&#8221;initial&#8221; background_position=&#8221;top_left&#8221; background_repeat=&#8221;repeat&#8221; global_colors_info=&#8221;{}&#8221;][\/et_pb_image][\/et_pb_column][et_pb_column type=&#8221;2_3&#8243; _builder_version=&#8221;4.16&#8243; background_color=&#8221;#ffffff&#8221; custom_padding=&#8221;|||&#8221; global_colors_info=&#8221;{}&#8221; custom_padding__hover=&#8221;|||&#8221;][et_pb_text _builder_version=&#8221;4.16&#8243; border_radii=&#8221;on|3px|3px|3px|3px&#8221; global_colors_info=&#8221;{}&#8221;]<\/p>\n<h1><strong>Barierrefreies Kino<\/strong><\/h1>\n<p class=\"p1\">Wir versuchen bei unserem Festival eine gr\u00f6\u00dftm\u00f6gliche Barrierefreiheit herzustellen. Alle Filme werden mit einer Audiodeskription und deutschen Untertiteln f\u00fcr H\u00f6rgesch\u00e4digte gezeigt &#8230;<\/p>\n<p>[\/et_pb_text][et_pb_button button_url=&#8221;\/barrierefreies-kino\/&#8221; button_text=&#8221;Mehr&#8221; button_alignment=&#8221;right&#8221; _builder_version=&#8221;4.16&#8243; custom_button=&#8221;on&#8221; button_text_size=&#8221;16&#8243; button_text_color=&#8221;#ffffff&#8221; button_bg_color=&#8221;#8a025d&#8221; button_border_width=&#8221;0&#8243; button_border_color=&#8221;#8a025d&#8221; button_border_radius=&#8221;4&#8243; button_font=&#8221;|600|||||||&#8221; button_icon=&#8221;&#x35;||divi||400&#8243; background_layout=&#8221;dark&#8221; button_border_color_hover=&#8221;#8a025d&#8221; button_border_radius_hover=&#8221;4&#8243; button_bg_color_hover=&#8221;#8a025d&#8221; saved_tabs=&#8221;all&#8221; global_colors_info=&#8221;{}&#8221; button_text_size__hover_enabled=&#8221;off&#8221; button_text_size__hover=&#8221;null&#8221; button_one_text_size__hover_enabled=&#8221;off&#8221; button_one_text_size__hover=&#8221;null&#8221; button_two_text_size__hover_enabled=&#8221;off&#8221; button_two_text_size__hover=&#8221;null&#8221; button_text_color__hover_enabled=&#8221;off&#8221; button_text_color__hover=&#8221;null&#8221; button_one_text_color__hover_enabled=&#8221;off&#8221; button_one_text_color__hover=&#8221;null&#8221; button_two_text_color__hover_enabled=&#8221;off&#8221; button_two_text_color__hover=&#8221;null&#8221; button_border_width__hover_enabled=&#8221;off&#8221; button_border_width__hover=&#8221;null&#8221; button_one_border_width__hover_enabled=&#8221;off&#8221; button_one_border_width__hover=&#8221;null&#8221; button_two_border_width__hover_enabled=&#8221;off&#8221; button_two_border_width__hover=&#8221;null&#8221; button_border_color__hover_enabled=&#8221;on&#8221; button_border_color__hover=&#8221;#8a025d&#8221; button_one_border_color__hover_enabled=&#8221;off&#8221; button_one_border_color__hover=&#8221;null&#8221; button_two_border_color__hover_enabled=&#8221;off&#8221; button_two_border_color__hover=&#8221;null&#8221; button_border_radius__hover_enabled=&#8221;on&#8221; button_border_radius__hover=&#8221;4&#8243; button_one_border_radius__hover_enabled=&#8221;off&#8221; button_one_border_radius__hover=&#8221;null&#8221; button_two_border_radius__hover_enabled=&#8221;off&#8221; button_two_border_radius__hover=&#8221;null&#8221; button_letter_spacing__hover_enabled=&#8221;off&#8221; button_letter_spacing__hover=&#8221;null&#8221; button_one_letter_spacing__hover_enabled=&#8221;off&#8221; button_one_letter_spacing__hover=&#8221;null&#8221; button_two_letter_spacing__hover_enabled=&#8221;off&#8221; button_two_letter_spacing__hover=&#8221;null&#8221; button_bg_color__hover_enabled=&#8221;on&#8221; button_bg_color__hover=&#8221;#8a025d&#8221; button_one_bg_color__hover_enabled=&#8221;off&#8221; button_one_bg_color__hover=&#8221;null&#8221; button_two_bg_color__hover_enabled=&#8221;off&#8221; button_two_bg_color__hover=&#8221;null&#8221;][\/et_pb_button][\/et_pb_column][\/et_pb_row][\/et_pb_section]<\/p>\n","protected":false},"excerpt":{"rendered":"<p>6. KLAPPE AUF! Kurzfilmfestival 4.-5. April 20256. KLAPPE AUF! Kurzfilmfestival 4.-5. April 2025WEITERE PROJEKTE &nbsp; KLAPPOMAT Das inklusive Team des KLAPPE AUF! &#8211; Kurzfilmfestivals plant eine mobile, begehbare Skulptur &#8211; den KLAPPOMAT, der auf jeder unserer zuk\u00fcnftigen Veranstaltungen aufgebaut werden kann und den wir anderen Interessierten zur Verf\u00fcgung stellen. Der KLAPPOMAT soll unseren G\u00e4sten Anreize [&hellip;]<\/p>\n","protected":false},"author":1,"featured_media":0,"parent":0,"menu_order":0,"comment_status":"closed","ping_status":"closed","template":"","meta":{"_et_pb_use_builder":"on","_et_pb_old_content":"<p>[et_pb_section bb_built=\"1\"][et_pb_row][et_pb_column type=\"4_4\"][\/et_pb_column][\/et_pb_row][\/et_pb_section]<\/p>","_et_gb_content_width":"","footnotes":""},"class_list":["post-3618","page","type-page","status-publish","hentry"],"_links":{"self":[{"href":"https:\/\/klappe-auf.com\/en\/wp-json\/wp\/v2\/pages\/3618","targetHints":{"allow":["GET"]}}],"collection":[{"href":"https:\/\/klappe-auf.com\/en\/wp-json\/wp\/v2\/pages"}],"about":[{"href":"https:\/\/klappe-auf.com\/en\/wp-json\/wp\/v2\/types\/page"}],"author":[{"embeddable":true,"href":"https:\/\/klappe-auf.com\/en\/wp-json\/wp\/v2\/users\/1"}],"replies":[{"embeddable":true,"href":"https:\/\/klappe-auf.com\/en\/wp-json\/wp\/v2\/comments?post=3618"}],"version-history":[{"count":5,"href":"https:\/\/klappe-auf.com\/en\/wp-json\/wp\/v2\/pages\/3618\/revisions"}],"predecessor-version":[{"id":7573,"href":"https:\/\/klappe-auf.com\/en\/wp-json\/wp\/v2\/pages\/3618\/revisions\/7573"}],"wp:attachment":[{"href":"https:\/\/klappe-auf.com\/en\/wp-json\/wp\/v2\/media?parent=3618"}],"curies":[{"name":"wp","href":"https:\/\/api.w.org\/{rel}","templated":true}]}}