{"id":3624,"date":"2019-09-27T11:13:03","date_gmt":"2019-09-27T09:13:03","guid":{"rendered":"https:\/\/klappe-auf.com\/?page_id=3624"},"modified":"2024-02-22T10:06:47","modified_gmt":"2024-02-22T09:06:47","slug":"erklaerfilm","status":"publish","type":"page","link":"https:\/\/klappe-auf.com\/en\/erklaerfilm\/","title":{"rendered":"Erkl\u00e4rfilm"},"content":{"rendered":"<p>[et_pb_section fb_built=&#8221;1&#8243; disabled_on=&#8221;on|on|off&#8221; admin_label=&#8221;Header Festivalleiste&#8221; module_id=&#8221;festival-header&#8221; _builder_version=&#8221;4.17.6&#8243; custom_padding=&#8221;||||false|false&#8221; z_index_tablet=&#8221;500&#8243; custom_css_main_element=&#8221;||&#8221; box_shadow_horizontal_tablet=&#8221;0px&#8221; box_shadow_vertical_tablet=&#8221;0px&#8221; box_shadow_blur_tablet=&#8221;40px&#8221; box_shadow_spread_tablet=&#8221;0px&#8221; global_module=&#8221;1457&#8243; locked=&#8221;off&#8221; collapsed=&#8221;off&#8221; global_colors_info=&#8221;{}&#8221;][et_pb_row make_equal=&#8221;on&#8221; _builder_version=&#8221;4.16&#8243; module_alignment=&#8221;center&#8221; custom_padding=&#8221;7px|0px|0|0px|false|false&#8221; global_colors_info=&#8221;{}&#8221;][et_pb_column type=&#8221;4_4&#8243; _builder_version=&#8221;4.16&#8243; custom_padding=&#8221;|||&#8221; global_colors_info=&#8221;{}&#8221; custom_padding__hover=&#8221;|||&#8221;][et_pb_text disabled_on=&#8221;off|off|off&#8221; _builder_version=&#8221;4.23.4&#8243; text_font=&#8221;|700|||||||&#8221; text_text_color=&#8221;#000000&#8243; text_font_size=&#8221;16px&#8221; background_color=&#8221;RGBA(255,255,255,0)&#8221; background_size=&#8221;initial&#8221; background_position=&#8221;top_left&#8221; background_repeat=&#8221;repeat&#8221; custom_padding=&#8221;|||90px|false|false&#8221; text_font_size_phone=&#8221;30&#8243; text_font_size_last_edited=&#8221;off|tablet&#8221; global_colors_info=&#8221;{}&#8221; border_color_all__hover_enabled=&#8221;off|desktop&#8221;]<\/p>\n<h5 class=\"p1\"><span style=\"color: #ffffff;\"><strong>6. KLAPPE AUF! Kurzfilmfestival <\/strong>4.-5. April 2025<\/span><\/h5>\n<p>[\/et_pb_text][\/et_pb_column][\/et_pb_row][\/et_pb_section][et_pb_section fb_built=&#8221;1&#8243; disabled_on=&#8221;off|off|on&#8221; admin_label=&#8221;Header Festivalleiste Mobil&#8221; module_id=&#8221;festival-header-mobile&#8221; _builder_version=&#8221;4.17.6&#8243; z_index_tablet=&#8221;500&#8243; custom_css_main_element=&#8221; top: 0px;&#8221; box_shadow_horizontal_tablet=&#8221;0px&#8221; box_shadow_vertical_tablet=&#8221;0px&#8221; box_shadow_blur_tablet=&#8221;40px&#8221; box_shadow_spread_tablet=&#8221;0px&#8221; global_module=&#8221;3103&#8243; collapsed=&#8221;off&#8221; global_colors_info=&#8221;{}&#8221;][et_pb_row make_equal=&#8221;on&#8221; _builder_version=&#8221;4.16&#8243; module_alignment=&#8221;center&#8221; custom_padding=&#8221;7px|0px|0|0px|false|false&#8221; global_colors_info=&#8221;{}&#8221;][et_pb_column type=&#8221;4_4&#8243; _builder_version=&#8221;4.16&#8243; custom_padding=&#8221;|||&#8221; global_colors_info=&#8221;{}&#8221; custom_padding__hover=&#8221;|||&#8221;][et_pb_text disabled_on=&#8221;off|off|off&#8221; _builder_version=&#8221;4.23.4&#8243; text_font=&#8221;|700|||||||&#8221; text_text_color=&#8221;#000000&#8243; text_font_size=&#8221;16px&#8221; text_line_height=&#8221;2.6em&#8221; background_color=&#8221;RGBA(255,255,255,0)&#8221; background_size=&#8221;initial&#8221; background_position=&#8221;top_left&#8221; background_repeat=&#8221;repeat&#8221; custom_padding=&#8221;|||90px|false|false&#8221; text_font_size_phone=&#8221;30&#8243; text_font_size_last_edited=&#8221;off|tablet&#8221; border_color_all=&#8221;#ffffff&#8221; global_colors_info=&#8221;{}&#8221;]<\/p>\n<h5 class=\"p1\"><span style=\"color: #ffffff;\"><strong>6. KLAPPE AUF! Kurzfilmfestival <\/strong>4.-5. April 2025<\/span><\/h5>\n<p>[\/et_pb_text][\/et_pb_column][\/et_pb_row][\/et_pb_section][et_pb_section fb_built=&#8221;1&#8243; _builder_version=&#8221;4.16&#8243; global_colors_info=&#8221;{}&#8221;][et_pb_row column_padding_mobile=&#8221;on&#8221; custom_padding_last_edited=&#8221;on|phone&#8221; _builder_version=&#8221;4.16&#8243; background_size=&#8221;initial&#8221; background_position=&#8221;top_left&#8221; background_repeat=&#8221;repeat&#8221; module_alignment=&#8221;center&#8221; custom_padding=&#8221;0||40px||false|false&#8221; custom_padding_tablet=&#8221;&#8221; custom_padding_phone=&#8221;0px||0px|&#8221; use_custom_width=&#8221;on&#8221; global_colors_info=&#8221;{}&#8221;][et_pb_column type=&#8221;4_4&#8243; _builder_version=&#8221;4.16&#8243; custom_padding=&#8221;|||&#8221; global_colors_info=&#8221;{}&#8221; custom_padding__hover=&#8221;|||&#8221;][et_pb_text disabled_on=&#8221;on||&#8221; _builder_version=&#8221;4.16&#8243; text_font=&#8221;|800|||||||&#8221; text_text_color=&#8221;#ffffff&#8221; text_letter_spacing=&#8221;3px&#8221; text_line_height=&#8221;1.1em&#8221; background_color=&#8221;#8a025d&#8221; background_size=&#8221;initial&#8221; background_position=&#8221;top_left&#8221; background_repeat=&#8221;repeat&#8221; text_orientation=&#8221;center&#8221; max_width=&#8221;99%&#8221; module_alignment=&#8221;center&#8221; text_font_size_phone=&#8221;30&#8243; text_font_size_last_edited=&#8221;off|tablet&#8221; custom_css_main_element=&#8221;position: relative;||padding: 5px;||top: 48px; \/* Adjust to center text over the line *\/||background: ##8a025d; \/* covers the divider line *\/||width: 240px; \/* extends the background wider than the text *\/||z-index: 6; \/* puts the text on top of the line *\/||text-align: center;&#8221; border_width_all=&#8221;4px&#8221; border_color_all=&#8221;#ffffff&#8221; use_border_color=&#8221;on&#8221; global_colors_info=&#8221;{}&#8221;]<\/p>\n<p style=\"text-align: center;\">KLAPPE AUF<\/p>\n<p>[\/et_pb_text][et_pb_divider divider_style=&#8221;dotted&#8221; divider_weight=&#8221;4&#8243; disabled_on=&#8221;on|undefined|undefined&#8221; _builder_version=&#8221;4.16&#8243; height=&#8221;3px&#8221; custom_css_main_element=&#8221;display: block !important;||z-index: 4 !important;||margin: 0 auto; \/* centers the divider *\/&#8221; saved_tabs=&#8221;all&#8221; global_colors_info=&#8221;{}&#8221;]<\/p>\n<p>&nbsp;<\/p>\n<p>[\/et_pb_divider][et_pb_text _builder_version=&#8221;4.23.1&#8243; header_font=&#8221;|700|||||||&#8221; custom_padding=&#8221;||25px|&#8221; border_radii=&#8221;on|3px|3px|3px|3px&#8221; saved_tabs=&#8221;all&#8221; global_colors_info=&#8221;{}&#8221;]<\/p>\n<h1 class=\"p1\">ERKL\u00c4RFILM<\/h1>\n<p>&nbsp;<\/p>\n<p>Was ist denn das? Ein Erkl\u00e4rfilm erkl\u00e4rt etwas, nat\u00fcrlich! In diesem Fall erkl\u00e4rt er was das KLAPPE AUF! Festival eigentlich ist. Oft wird missverstanden, dass wir vielleicht nur Filme zum Thema Inklusion oder Behinderung zeigen. In diesem Film erkl\u00e4ren wir wer wir sind, was wir machen und wie unser Verst\u00e4ndnis von Inklusion ist. Keine Angst: Erkl\u00e4rfilm klingt nicht lustig, ist es aber!<\/p>\n<p>[\/et_pb_text][\/et_pb_column][\/et_pb_row][et_pb_row column_structure=&#8221;1_2,1_2&#8243; use_custom_gutter=&#8221;on&#8221; gutter_width=&#8221;2&#8243; _builder_version=&#8221;4.16&#8243; global_colors_info=&#8221;{}&#8221;][et_pb_column type=&#8221;1_2&#8243; _builder_version=&#8221;4.16&#8243; custom_padding=&#8221;|||&#8221; global_colors_info=&#8221;{}&#8221; custom_padding__hover=&#8221;|||&#8221;][et_pb_text _builder_version=&#8221;4.23.4&#8243; hover_enabled=&#8221;0&#8243; z_index_tablet=&#8221;500&#8243; text_text_shadow_horizontal_length_tablet=&#8221;0px&#8221; text_text_shadow_vertical_length_tablet=&#8221;0px&#8221; text_text_shadow_blur_strength_tablet=&#8221;1px&#8221; link_text_shadow_horizontal_length_tablet=&#8221;0px&#8221; link_text_shadow_vertical_length_tablet=&#8221;0px&#8221; link_text_shadow_blur_strength_tablet=&#8221;1px&#8221; ul_text_shadow_horizontal_length_tablet=&#8221;0px&#8221; ul_text_shadow_vertical_length_tablet=&#8221;0px&#8221; ul_text_shadow_blur_strength_tablet=&#8221;1px&#8221; ol_text_shadow_horizontal_length_tablet=&#8221;0px&#8221; ol_text_shadow_vertical_length_tablet=&#8221;0px&#8221; ol_text_shadow_blur_strength_tablet=&#8221;1px&#8221; quote_text_shadow_horizontal_length_tablet=&#8221;0px&#8221; quote_text_shadow_vertical_length_tablet=&#8221;0px&#8221; quote_text_shadow_blur_strength_tablet=&#8221;1px&#8221; header_text_shadow_horizontal_length_tablet=&#8221;0px&#8221; header_text_shadow_vertical_length_tablet=&#8221;0px&#8221; header_text_shadow_blur_strength_tablet=&#8221;1px&#8221; header_2_text_shadow_horizontal_length_tablet=&#8221;0px&#8221; header_2_text_shadow_vertical_length_tablet=&#8221;0px&#8221; header_2_text_shadow_blur_strength_tablet=&#8221;1px&#8221; header_3_text_shadow_horizontal_length_tablet=&#8221;0px&#8221; header_3_text_shadow_vertical_length_tablet=&#8221;0px&#8221; header_3_text_shadow_blur_strength_tablet=&#8221;1px&#8221; header_4_text_shadow_horizontal_length_tablet=&#8221;0px&#8221; header_4_text_shadow_vertical_length_tablet=&#8221;0px&#8221; header_4_text_shadow_blur_strength_tablet=&#8221;1px&#8221; header_5_text_shadow_horizontal_length_tablet=&#8221;0px&#8221; header_5_text_shadow_vertical_length_tablet=&#8221;0px&#8221; header_5_text_shadow_blur_strength_tablet=&#8221;1px&#8221; header_6_text_shadow_horizontal_length_tablet=&#8221;0px&#8221; header_6_text_shadow_vertical_length_tablet=&#8221;0px&#8221; header_6_text_shadow_blur_strength_tablet=&#8221;1px&#8221; box_shadow_horizontal_tablet=&#8221;0px&#8221; box_shadow_vertical_tablet=&#8221;0px&#8221; box_shadow_blur_tablet=&#8221;40px&#8221; box_shadow_spread_tablet=&#8221;0px&#8221; global_colors_info=&#8221;{}&#8221; sticky_enabled=&#8221;0&#8243;]<\/p>\n<p>Barrierearme Filmfassung mit Audiodeskription und erweiterte Untertitel<\/p>\n<p>[\/et_pb_text][et_pb_video src=&#8221;https:\/\/vimeo.com\/369790505&#8243; image_src=&#8221;\/\/i.vimeocdn.com\/video\/826844934-3f45aff9d840b118de4744cb771f742bece836d479694988eb16323387b55096-d_960&#8243; thumbnail_overlay_color=&#8221;rgba(0,0,0,0.6)&#8221; _builder_version=&#8221;4.23.1&#8243; z_index_tablet=&#8221;500&#8243; box_shadow_horizontal_tablet=&#8221;0px&#8221; box_shadow_vertical_tablet=&#8221;0px&#8221; box_shadow_blur_tablet=&#8221;40px&#8221; box_shadow_spread_tablet=&#8221;0px&#8221; locked=&#8221;off&#8221; global_colors_info=&#8221;{}&#8221;]<br \/>\n[\/et_pb_video][\/et_pb_column][et_pb_column type=&#8221;1_2&#8243; _builder_version=&#8221;4.16&#8243; custom_padding=&#8221;|||&#8221; global_colors_info=&#8221;{}&#8221; custom_padding__hover=&#8221;|||&#8221;][et_pb_text _builder_version=&#8221;4.23.4&#8243; hover_enabled=&#8221;0&#8243; z_index_tablet=&#8221;500&#8243; text_text_shadow_horizontal_length_tablet=&#8221;0px&#8221; text_text_shadow_vertical_length_tablet=&#8221;0px&#8221; text_text_shadow_blur_strength_tablet=&#8221;1px&#8221; link_text_shadow_horizontal_length_tablet=&#8221;0px&#8221; link_text_shadow_vertical_length_tablet=&#8221;0px&#8221; link_text_shadow_blur_strength_tablet=&#8221;1px&#8221; ul_text_shadow_horizontal_length_tablet=&#8221;0px&#8221; ul_text_shadow_vertical_length_tablet=&#8221;0px&#8221; ul_text_shadow_blur_strength_tablet=&#8221;1px&#8221; ol_text_shadow_horizontal_length_tablet=&#8221;0px&#8221; ol_text_shadow_vertical_length_tablet=&#8221;0px&#8221; ol_text_shadow_blur_strength_tablet=&#8221;1px&#8221; quote_text_shadow_horizontal_length_tablet=&#8221;0px&#8221; quote_text_shadow_vertical_length_tablet=&#8221;0px&#8221; quote_text_shadow_blur_strength_tablet=&#8221;1px&#8221; header_text_shadow_horizontal_length_tablet=&#8221;0px&#8221; header_text_shadow_vertical_length_tablet=&#8221;0px&#8221; header_text_shadow_blur_strength_tablet=&#8221;1px&#8221; header_2_text_shadow_horizontal_length_tablet=&#8221;0px&#8221; header_2_text_shadow_vertical_length_tablet=&#8221;0px&#8221; header_2_text_shadow_blur_strength_tablet=&#8221;1px&#8221; header_3_text_shadow_horizontal_length_tablet=&#8221;0px&#8221; header_3_text_shadow_vertical_length_tablet=&#8221;0px&#8221; header_3_text_shadow_blur_strength_tablet=&#8221;1px&#8221; header_4_text_shadow_horizontal_length_tablet=&#8221;0px&#8221; header_4_text_shadow_vertical_length_tablet=&#8221;0px&#8221; header_4_text_shadow_blur_strength_tablet=&#8221;1px&#8221; header_5_text_shadow_horizontal_length_tablet=&#8221;0px&#8221; header_5_text_shadow_vertical_length_tablet=&#8221;0px&#8221; header_5_text_shadow_blur_strength_tablet=&#8221;1px&#8221; header_6_text_shadow_horizontal_length_tablet=&#8221;0px&#8221; header_6_text_shadow_vertical_length_tablet=&#8221;0px&#8221; header_6_text_shadow_blur_strength_tablet=&#8221;1px&#8221; box_shadow_horizontal_tablet=&#8221;0px&#8221; box_shadow_vertical_tablet=&#8221;0px&#8221; box_shadow_blur_tablet=&#8221;40px&#8221; box_shadow_spread_tablet=&#8221;0px&#8221; global_colors_info=&#8221;{}&#8221; sticky_enabled=&#8221;0&#8243;]<\/p>\n<p>Filmfassung ohne Audiodeskription und erweiterte Untertitel<\/p>\n<p>[\/et_pb_text][et_pb_video src=&#8221;https:\/\/vimeo.com\/360813738&#8243; image_src=&#8221;\/\/i.vimeocdn.com\/video\/815083095-fe122d49a83196b7379273d76785cc0cf52cbe6b5cd67c80302b61607b6e7658-d_960&#8243; thumbnail_overlay_color=&#8221;rgba(0,0,0,0.6)&#8221; _builder_version=&#8221;4.23.1&#8243; global_colors_info=&#8221;{}&#8221;]<br \/>\n[\/et_pb_video][\/et_pb_column][\/et_pb_row][et_pb_row disabled_on=&#8221;on|on|on&#8221; _builder_version=&#8221;4.16&#8243; background_size=&#8221;initial&#8221; background_position=&#8221;top_left&#8221; background_repeat=&#8221;repeat&#8221; custom_padding=&#8221;27px|0px|0px|0px&#8221; disabled=&#8221;on&#8221; global_colors_info=&#8221;{}&#8221;][et_pb_column type=&#8221;4_4&#8243; _builder_version=&#8221;4.16&#8243; custom_padding=&#8221;|||&#8221; global_colors_info=&#8221;{}&#8221; custom_padding__hover=&#8221;|||&#8221;][et_pb_text disabled_on=&#8221;off||&#8221; _builder_version=&#8221;4.16&#8243; text_text_color=&#8221;#000000&#8243; text_font_size=&#8221;16px&#8221; header_5_font=&#8221;|700|||||||&#8221; header_5_text_color=&#8221;#000000&#8243; header_5_font_size=&#8221;18px&#8221; module_alignment=&#8221;left&#8221; custom_margin=&#8221;||0px|&#8221; custom_padding=&#8221;||0px|&#8221; global_colors_info=&#8221;{}&#8221;]<\/p>\n<h5>Neueste Beitr\u00e4ge aus dem Blog<\/h5>\n<p>[\/et_pb_text][et_pb_divider divider_style=&#8221;dotted&#8221; divider_weight=&#8221;4&#8243; disabled_on=&#8221;off&#8221; _builder_version=&#8221;4.16&#8243; height=&#8221;1px&#8221; hide_on_mobile=&#8221;off&#8221; saved_tabs=&#8221;all&#8221; global_colors_info=&#8221;{}&#8221;]<\/p>\n<p>&nbsp;<\/p>\n<p>[\/et_pb_divider][et_pb_dp_oc number_post=&#8221;20&#8243; include_categories=&#8221;9&#8243; show_post_title=&#8221;on&#8221; show_post_date=&#8221;on&#8221; slide_auto=&#8221;off&#8221; background_layout=&#8221;light&#8221; disabled_on=&#8221;off|off|off&#8221; admin_label=&#8221;++++Blogkarusell Home&#8221; _builder_version=&#8221;3.13.1&#8243; post_title_font=&#8221;|700|||||||&#8221; post_title_text_color=&#8221;#000000&#8243; post_title_font_size=&#8221;16&#8243; post_meta_font=&#8221;|600|||||||&#8221; post_meta_text_color=&#8221;#8a025d&#8221; post_meta_font_size=&#8221;14&#8243; post_meta_line_height=&#8221;1.3&#8243; post_excerpt_font=&#8221;||||&#8221; custom_margin=&#8221;0px||0px|&#8221; custom_padding=&#8221;0px||0px|&#8221; custom_padding_tablet=&#8221;10px|||&#8221; post_title_font_size_tablet=&#8221;51&#8243; post_title_line_height_tablet=&#8221;2&#8243; post_meta_font_size_tablet=&#8221;51&#8243; post_excerpt_font_size_tablet=&#8221;51&#8243; post_excerpt_line_height_tablet=&#8221;2&#8243; global_module=&#8221;343&#8243; saved_tabs=&#8221;all&#8221; global_colors_info=&#8221;{}&#8221;][\/et_pb_dp_oc][et_pb_divider color=&#8221;rgba(48,48,48,0.17)&#8221; disabled_on=&#8221;on|on|on&#8221; _builder_version=&#8221;4.16&#8243; height=&#8221;3px&#8221; custom_margin=&#8221;0px|||&#8221; custom_padding=&#8221;0px|||&#8221; hide_on_mobile=&#8221;off&#8221; disabled=&#8221;on&#8221; saved_tabs=&#8221;all&#8221; global_colors_info=&#8221;{}&#8221;]<\/p>\n<p>&nbsp;<\/p>\n<p>[\/et_pb_divider][\/et_pb_column][\/et_pb_row][\/et_pb_section]<\/p>\n","protected":false},"excerpt":{"rendered":"<p>6. KLAPPE AUF! Kurzfilmfestival 4.-5. April 20256. KLAPPE AUF! Kurzfilmfestival 4.-5. April 2025KLAPPE AUF &nbsp; ERKL\u00c4RFILM &nbsp; Was ist denn das? Ein Erkl\u00e4rfilm erkl\u00e4rt etwas, nat\u00fcrlich! In diesem Fall erkl\u00e4rt er was das KLAPPE AUF! Festival eigentlich ist. Oft wird missverstanden, dass wir vielleicht nur Filme zum Thema Inklusion oder Behinderung zeigen. In diesem Film [&hellip;]<\/p>\n","protected":false},"author":1,"featured_media":0,"parent":0,"menu_order":0,"comment_status":"closed","ping_status":"closed","template":"","meta":{"_et_pb_use_builder":"on","_et_pb_old_content":"<p>[et_pb_section bb_built=\"1\"][et_pb_row][et_pb_column type=\"4_4\"][\/et_pb_column][\/et_pb_row][\/et_pb_section]<\/p>","_et_gb_content_width":"","footnotes":""},"class_list":["post-3624","page","type-page","status-publish","hentry"],"_links":{"self":[{"href":"https:\/\/klappe-auf.com\/en\/wp-json\/wp\/v2\/pages\/3624","targetHints":{"allow":["GET"]}}],"collection":[{"href":"https:\/\/klappe-auf.com\/en\/wp-json\/wp\/v2\/pages"}],"about":[{"href":"https:\/\/klappe-auf.com\/en\/wp-json\/wp\/v2\/types\/page"}],"author":[{"embeddable":true,"href":"https:\/\/klappe-auf.com\/en\/wp-json\/wp\/v2\/users\/1"}],"replies":[{"embeddable":true,"href":"https:\/\/klappe-auf.com\/en\/wp-json\/wp\/v2\/comments?post=3624"}],"version-history":[{"count":10,"href":"https:\/\/klappe-auf.com\/en\/wp-json\/wp\/v2\/pages\/3624\/revisions"}],"predecessor-version":[{"id":7028,"href":"https:\/\/klappe-auf.com\/en\/wp-json\/wp\/v2\/pages\/3624\/revisions\/7028"}],"wp:attachment":[{"href":"https:\/\/klappe-auf.com\/en\/wp-json\/wp\/v2\/media?parent=3624"}],"curies":[{"name":"wp","href":"https:\/\/api.w.org\/{rel}","templated":true}]}}