{"id":5164,"date":"2021-02-10T22:56:12","date_gmt":"2021-02-10T21:56:12","guid":{"rendered":"https:\/\/klappe-auf.com\/?page_id=5164"},"modified":"2023-11-22T21:39:44","modified_gmt":"2023-11-22T20:39:44","slug":"easy-read","status":"publish","type":"page","link":"https:\/\/klappe-auf.com\/en\/easy-read\/","title":{"rendered":"Easy Read"},"content":{"rendered":"<p>[et_pb_section fb_built=&#8221;1&#8243; disabled_on=&#8221;on|on|off&#8221; admin_label=&#8221;Header Festivalleiste&#8221; module_id=&#8221;festival-header&#8221; _builder_version=&#8221;4.16&#8243; custom_padding=&#8221;||0px|||&#8221; z_index_tablet=&#8221;500&#8243; custom_css_main_element=&#8221; ||&#8221; box_shadow_horizontal_tablet=&#8221;0px&#8221; box_shadow_vertical_tablet=&#8221;0px&#8221; box_shadow_blur_tablet=&#8221;40px&#8221; box_shadow_spread_tablet=&#8221;0px&#8221; global_module=&#8221;1457&#8243; locked=&#8221;off&#8221; collapsed=&#8221;off&#8221; global_colors_info=&#8221;{}&#8221;][et_pb_row make_equal=&#8221;on&#8221; _builder_version=&#8221;4.16&#8243; module_alignment=&#8221;center&#8221; custom_padding=&#8221;7px|0px|0|0px|false|false&#8221; global_colors_info=&#8221;{}&#8221;][et_pb_column type=&#8221;4_4&#8243; _builder_version=&#8221;4.16&#8243; custom_padding=&#8221;|||&#8221; global_colors_info=&#8221;{}&#8221; custom_padding__hover=&#8221;|||&#8221;][et_pb_text _builder_version=&#8221;4.16&#8243; text_font=&#8221;|700|||||||&#8221; text_text_color=&#8221;#000000&#8243; text_font_size=&#8221;16px&#8221; link_font=&#8221;|600|||on||||&#8221; link_text_color=&#8221;rgba(12,12,12,0.59)&#8221; header_2_font=&#8221;Alice||||||||&#8221; header_2_line_height=&#8221;1.5em&#8221; custom_padding=&#8221;|||90px&#8221; global_colors_info=&#8221;{}&#8221;]<\/p>\n<h5 class=\"p1\"><span style=\"color: #ffffff;\"><strong>5. KLAPPE AUF! Short Film Festival <\/strong>26.-28. August 2022<\/span><\/h5>\n<p>[\/et_pb_text][\/et_pb_column][\/et_pb_row][\/et_pb_section][et_pb_section fb_built=&#8221;1&#8243; disabled_on=&#8221;off|off|on&#8221; admin_label=&#8221;Header Festivalleiste Mobil&#8221; module_id=&#8221;festival-header-mobile&#8221; _builder_version=&#8221;4.16&#8243; z_index_tablet=&#8221;500&#8243; custom_css_main_element=&#8221; ||&#8221; box_shadow_horizontal_tablet=&#8221;0px&#8221; box_shadow_vertical_tablet=&#8221;0px&#8221; box_shadow_blur_tablet=&#8221;40px&#8221; box_shadow_spread_tablet=&#8221;0px&#8221; global_module=&#8221;3103&#8243; collapsed=&#8221;off&#8221; global_colors_info=&#8221;{}&#8221;][et_pb_row make_equal=&#8221;on&#8221; _builder_version=&#8221;4.16&#8243; module_alignment=&#8221;center&#8221; custom_padding=&#8221;7px|0px|0|0px|false|false&#8221; global_colors_info=&#8221;{}&#8221;][et_pb_column type=&#8221;4_4&#8243; _builder_version=&#8221;4.16&#8243; custom_padding=&#8221;|||&#8221; global_colors_info=&#8221;{}&#8221; custom_padding__hover=&#8221;|||&#8221;][et_pb_text _builder_version=&#8221;4.16&#8243; text_font=&#8221;|700|||||||&#8221; text_text_color=&#8221;#000000&#8243; text_font_size=&#8221;16px&#8221; text_line_height=&#8221;2.6em&#8221; link_font=&#8221;|600|||on||||&#8221; link_text_color=&#8221;rgba(12,12,12,0.59)&#8221; header_2_font=&#8221;Alice||||||||&#8221; header_2_line_height=&#8221;1.5em&#8221; header_5_line_height=&#8221;1.3em&#8221; custom_padding=&#8221;|||90px&#8221; z_index_tablet=&#8221;500&#8243; text_text_shadow_horizontal_length_tablet=&#8221;0px&#8221; text_text_shadow_vertical_length_tablet=&#8221;0px&#8221; text_text_shadow_blur_strength_tablet=&#8221;1px&#8221; link_text_shadow_horizontal_length_tablet=&#8221;0px&#8221; link_text_shadow_vertical_length_tablet=&#8221;0px&#8221; link_text_shadow_blur_strength_tablet=&#8221;1px&#8221; ul_text_shadow_horizontal_length_tablet=&#8221;0px&#8221; ul_text_shadow_vertical_length_tablet=&#8221;0px&#8221; ul_text_shadow_blur_strength_tablet=&#8221;1px&#8221; ol_text_shadow_horizontal_length_tablet=&#8221;0px&#8221; ol_text_shadow_vertical_length_tablet=&#8221;0px&#8221; ol_text_shadow_blur_strength_tablet=&#8221;1px&#8221; quote_text_shadow_horizontal_length_tablet=&#8221;0px&#8221; quote_text_shadow_vertical_length_tablet=&#8221;0px&#8221; quote_text_shadow_blur_strength_tablet=&#8221;1px&#8221; header_text_shadow_horizontal_length_tablet=&#8221;0px&#8221; header_text_shadow_vertical_length_tablet=&#8221;0px&#8221; header_text_shadow_blur_strength_tablet=&#8221;1px&#8221; header_2_text_shadow_horizontal_length_tablet=&#8221;0px&#8221; header_2_text_shadow_vertical_length_tablet=&#8221;0px&#8221; header_2_text_shadow_blur_strength_tablet=&#8221;1px&#8221; header_3_text_shadow_horizontal_length_tablet=&#8221;0px&#8221; header_3_text_shadow_vertical_length_tablet=&#8221;0px&#8221; header_3_text_shadow_blur_strength_tablet=&#8221;1px&#8221; header_4_text_shadow_horizontal_length_tablet=&#8221;0px&#8221; header_4_text_shadow_vertical_length_tablet=&#8221;0px&#8221; header_4_text_shadow_blur_strength_tablet=&#8221;1px&#8221; header_5_text_shadow_horizontal_length_tablet=&#8221;0px&#8221; header_5_text_shadow_vertical_length_tablet=&#8221;0px&#8221; header_5_text_shadow_blur_strength_tablet=&#8221;1px&#8221; header_6_text_shadow_horizontal_length_tablet=&#8221;0px&#8221; header_6_text_shadow_vertical_length_tablet=&#8221;0px&#8221; header_6_text_shadow_blur_strength_tablet=&#8221;1px&#8221; box_shadow_horizontal_tablet=&#8221;0px&#8221; box_shadow_vertical_tablet=&#8221;0px&#8221; box_shadow_blur_tablet=&#8221;40px&#8221; box_shadow_spread_tablet=&#8221;0px&#8221; global_colors_info=&#8221;{}&#8221;]<\/p>\n<h5 class=\"p1\"><span style=\"color: #ffffff;\"><strong>5. KLAPPE AUF! Short Film Festival <\/strong>26.-28. August 2022<\/span><\/h5>\n<p>[\/et_pb_text][\/et_pb_column][\/et_pb_row][\/et_pb_section][et_pb_section fb_built=&#8221;1&#8243; _builder_version=&#8221;4.16&#8243; global_colors_info=&#8221;{}&#8221;][et_pb_row column_padding_mobile=&#8221;on&#8221; custom_padding_last_edited=&#8221;on|phone&#8221; _builder_version=&#8221;4.16&#8243; background_size=&#8221;initial&#8221; background_position=&#8221;top_left&#8221; background_repeat=&#8221;repeat&#8221; module_alignment=&#8221;center&#8221; custom_padding=&#8221;0||40px||false|false&#8221; custom_padding_tablet=&#8221;&#8221; custom_padding_phone=&#8221;0px||0px|&#8221; use_custom_width=&#8221;on&#8221; global_colors_info=&#8221;{}&#8221;][et_pb_column type=&#8221;4_4&#8243; _builder_version=&#8221;4.16&#8243; custom_padding=&#8221;|||&#8221; global_colors_info=&#8221;{}&#8221; custom_padding__hover=&#8221;|||&#8221;][et_pb_text disabled_on=&#8221;on||&#8221; _builder_version=&#8221;4.16&#8243; text_font=&#8221;|800|||||||&#8221; text_text_color=&#8221;#ffffff&#8221; text_letter_spacing=&#8221;3px&#8221; text_line_height=&#8221;1.1em&#8221; background_color=&#8221;#8a025d&#8221; background_size=&#8221;initial&#8221; background_position=&#8221;top_left&#8221; background_repeat=&#8221;repeat&#8221; text_orientation=&#8221;center&#8221; max_width=&#8221;99%&#8221; module_alignment=&#8221;center&#8221; text_font_size_phone=&#8221;30&#8243; text_font_size_last_edited=&#8221;off|tablet&#8221; custom_css_main_element=&#8221;position: relative;||padding: 5px;||top: 48px; \/* Adjust to center text over the line *\/||background: ##8a025d; \/* covers the divider line *\/||width: 180px; \/* extends the background wider than the text *\/||z-index: 6; \/* puts the text on top of the line *\/||text-align: center;&#8221; border_width_all=&#8221;4px&#8221; border_color_all=&#8221;#ffffff&#8221; use_border_color=&#8221;on&#8221; global_colors_info=&#8221;{}&#8221;]<\/p>\n<p style=\"text-align: center;\">KLAPPE AUF!<\/p>\n<p>[\/et_pb_text][et_pb_divider divider_style=&#8221;dotted&#8221; divider_weight=&#8221;4&#8243; disabled_on=&#8221;on|undefined|undefined&#8221; _builder_version=&#8221;4.16&#8243; height=&#8221;3px&#8221; custom_css_main_element=&#8221;display: block !important;||z-index: 4 !important;||margin: 0 auto; \/* centers the divider *\/&#8221; saved_tabs=&#8221;all&#8221; global_colors_info=&#8221;{}&#8221;]&nbsp;<br \/>\n[\/et_pb_divider][\/et_pb_column][\/et_pb_row][et_pb_row use_custom_gutter=&#8221;on&#8221; gutter_width=&#8221;2&#8243; _builder_version=&#8221;4.16&#8243; global_colors_info=&#8221;{}&#8221;][et_pb_column type=&#8221;4_4&#8243; _builder_version=&#8221;4.16&#8243; custom_padding=&#8221;|||&#8221; global_colors_info=&#8221;{}&#8221; custom_padding__hover=&#8221;|||&#8221;][et_pb_text admin_label=&#8221;leichte Sprache&#8221; _builder_version=&#8221;4.16&#8243; text_font_size=&#8221;17px&#8221; text_line_height=&#8221;2em&#8221; header_font=&#8221;|700|||||||&#8221; custom_padding=&#8221;||25px|&#8221; border_radii=&#8221;on|3px|3px|3px|3px&#8221; saved_tabs=&#8221;all&#8221; global_colors_info=&#8221;{}&#8221;]<\/p>\n<h1 class=\"p1\"><b>Easy Read<br \/><\/b><\/h1>\n<p>&nbsp;<\/p>\n<p>At our festival people with and without disabilities work together as a team.<br \/><span style=\"font-size: 17px;\">We organize the festival together.<br \/><\/span><span style=\"font-size: 17px;\">During the festival we ask the filmmakers questions after their films and talk with the audience.<br \/><\/span><span style=\"font-size: 17px;\">Our festival takes place every 2 years. Famous filmmaker Fatih Akin supports our festival.<\/span><\/p>\n<p>Our festival is for everybody!<br \/><span style=\"font-size: 17px;\">Wheelchair users can also come into the festival cinema.<br \/><\/span><span style=\"font-size: 17px;\">Visually impaired people can put on headphones.<br \/><\/span><span style=\"font-size: 17px;\">A speaker describes everything that happens in the film.<br \/><\/span><span style=\"font-size: 17px;\">Hearing impaired people can read what is being said in the film on the bottom of the screen.<br \/><\/span><span style=\"font-size: 17px;\">If a hearing impaired person wants to talk to other people, then another person translates the words with their hands.<br \/><\/span><span style=\"font-size: 17px;\">The signs of hearing impaired people are also translated into words.<br \/><\/span><span style=\"font-size: 17px;\">All talks taking place after the films are written on the screen.<\/span><\/p>\n<p>Any film can be submitted to us.<br \/><span style=\"font-size: 17px;\">The films should not be longer than 30 minutes.<br \/><\/span><span style=\"font-size: 17px;\">They should not be older than 2 years.\u00a0\u00a0<\/span><\/p>\n<p>There are 5 people who decide which 3 films they find the best.<br \/><span style=\"font-size: 17px;\">The winners will then be given money.<br \/><\/span><span style=\"font-size: 17px;\">The first winner gets \u20ac1500.<br \/><\/span><span style=\"font-size: 17px;\">The second winner gets \u20ac1000 and the third winner gets \u20ac500.<br \/><\/span><span style=\"font-size: 17px;\">The team and the audience can also select a favourite film.<br \/><\/span><span style=\"font-size: 17px;\">The two winners then get \u20ac1000.<\/span><\/p>\n<p>If you want to submit your film to our festival, you have to send the film to us by 30th April 2021.<br \/><span style=\"font-size: 17px;\">For this you have to download a form from the internet.<br \/><\/span><span style=\"font-size: 17px;\">The form can be saved and opened on the computer.<br \/><\/span><span style=\"font-size: 17px;\">You have to fill out the form with information.<br \/><\/span><span style=\"font-size: 17px;\">If you only have the film on DVD then you have to print out the filled in form.<br \/><\/span><span style=\"font-size: 17px;\">You have to send the DVD and the form to this address:<\/span><\/p>\n<p>KLAPPE AUF! Kurzfilmfestival<br \/>Altes Finanzamt \/1. Stock<br \/>Gro\u00dfe Bergstra\u00dfe 264-266<br \/>22767 Hamburg<br \/><span style=\"font-size: 17px;\">Germany<\/span><\/p>\n<p>We cannot send the film back to you.<br \/><span style=\"font-size: 17px;\">If you only have the film as a file, then you have to fill in the form on the internet and click the word send.<br \/><\/span><span style=\"font-size: 17px;\">Afterwards please write us an email to:<\/span><\/p>\n<p><a href=\"mailto:orga@klappe-auf.com\">orga@klappe-auf.com<\/a><\/p>\n<p>Then we explain to you how the film gets to us.<\/p>\n<p>&nbsp;<\/p>\n<p>[\/et_pb_text][\/et_pb_column][\/et_pb_row][et_pb_row _builder_version=&#8221;4.16&#8243; background_size=&#8221;initial&#8221; background_position=&#8221;top_left&#8221; background_repeat=&#8221;repeat&#8221; custom_padding=&#8221;27px|0px|0px|0px&#8221; global_colors_info=&#8221;{}&#8221; disabled_on=&#8221;on|on|on&#8221; disabled=&#8221;on&#8221;][et_pb_column type=&#8221;4_4&#8243; _builder_version=&#8221;4.16&#8243; custom_padding=&#8221;|||&#8221; global_colors_info=&#8221;{}&#8221; custom_padding__hover=&#8221;|||&#8221;][et_pb_text disabled_on=&#8221;off||&#8221; _builder_version=&#8221;4.16&#8243; text_text_color=&#8221;#000000&#8243; text_font_size=&#8221;16px&#8221; header_5_font=&#8221;|700|||||||&#8221; header_5_text_color=&#8221;#000000&#8243; header_5_font_size=&#8221;18px&#8221; module_alignment=&#8221;left&#8221; custom_margin=&#8221;||0px|&#8221; custom_padding=&#8221;||0px|&#8221; global_colors_info=&#8221;{}&#8221;]<\/p>\n<h5>Latest Posts from the Blog<\/h5>\n<p>[\/et_pb_text][et_pb_divider divider_style=&#8221;dotted&#8221; divider_weight=&#8221;4&#8243; disabled_on=&#8221;off&#8221; _builder_version=&#8221;4.16&#8243; height=&#8221;1px&#8221; hide_on_mobile=&#8221;off&#8221; saved_tabs=&#8221;all&#8221; global_colors_info=&#8221;{}&#8221;]&nbsp;<br \/>\n[\/et_pb_divider][et_pb_dp_oc number_post=&#8221;20&#8243; include_categories=&#8221;9&#8243; show_post_title=&#8221;on&#8221; show_post_date=&#8221;on&#8221; slide_auto=&#8221;off&#8221; background_layout=&#8221;light&#8221; disabled_on=&#8221;off|off|off&#8221; admin_label=&#8221;++++Blogkarusell Home&#8221; _builder_version=&#8221;3.13.1&#8243; post_title_font=&#8221;|700|||||||&#8221; post_title_text_color=&#8221;#000000&#8243; post_title_font_size=&#8221;16&#8243; post_meta_font=&#8221;|600|||||||&#8221; post_meta_text_color=&#8221;#8a025d&#8221; post_meta_font_size=&#8221;14&#8243; post_meta_line_height=&#8221;1.3&#8243; post_excerpt_font=&#8221;||||&#8221; custom_margin=&#8221;0px||0px|&#8221; custom_padding=&#8221;0px||0px|&#8221; custom_padding_tablet=&#8221;10px|||&#8221; post_title_font_size_tablet=&#8221;51&#8243; post_title_line_height_tablet=&#8221;2&#8243; post_meta_font_size_tablet=&#8221;51&#8243; post_excerpt_font_size_tablet=&#8221;51&#8243; post_excerpt_line_height_tablet=&#8221;2&#8243; saved_tabs=&#8221;all&#8221; global_colors_info=&#8221;{}&#8221;][\/et_pb_dp_oc][et_pb_divider color=&#8221;rgba(48,48,48,0.17)&#8221; disabled_on=&#8221;on|on|on&#8221; _builder_version=&#8221;4.16&#8243; height=&#8221;3px&#8221; custom_margin=&#8221;0px|||&#8221; custom_padding=&#8221;0px|||&#8221; hide_on_mobile=&#8221;off&#8221; disabled=&#8221;on&#8221; saved_tabs=&#8221;all&#8221; global_colors_info=&#8221;{}&#8221;]&nbsp;<br \/>\n[\/et_pb_divider][\/et_pb_column][\/et_pb_row][\/et_pb_section]<\/p>\n","protected":false},"excerpt":{"rendered":"<p>5. KLAPPE AUF! Short Film Festival 26.-28. August 20225. KLAPPE AUF! Short Film Festival 26.-28. August 2022KLAPPE AUF! &nbsp; Easy Read &nbsp; At our festival people with and without disabilities work together as a team.We organize the festival together.During the festival we ask the filmmakers questions after their films and talk with the audience.Our festival [&hellip;]<\/p>\n","protected":false},"author":7,"featured_media":0,"parent":0,"menu_order":0,"comment_status":"closed","ping_status":"closed","template":"","meta":{"_et_pb_use_builder":"on","_et_pb_old_content":"[et_pb_section fb_built=\"1\" disabled_on=\"on|on|off\" admin_label=\"Header Festivalleiste\" module_id=\"festival-header\" _builder_version=\"3.22\" custom_padding=\"||0px|||\" z_index_tablet=\"500\" custom_css_main_element=\" ||\" box_shadow_horizontal_tablet=\"0px\" box_shadow_vertical_tablet=\"0px\" box_shadow_blur_tablet=\"40px\" box_shadow_spread_tablet=\"0px\" global_module=\"1457\" locked=\"off\" collapsed=\"off\"][et_pb_row make_equal=\"on\" _builder_version=\"3.25\" module_alignment=\"center\" custom_padding=\"7px|0px|0|0px|false|false\" collapsed=\"off\"][et_pb_column type=\"4_4\" _builder_version=\"3.25\" custom_padding=\"|||\" custom_padding__hover=\"|||\"][et_pb_text _builder_version=\"4.7.6\" text_font=\"|700|||||||\" text_text_color=\"#000000\" text_font_size=\"16px\" link_font=\"|600|||on||||\" link_text_color=\"rgba(12,12,12,0.59)\" header_2_font=\"Alice||||||||\" header_2_line_height=\"1.5em\" custom_padding=\"|||90px\"]<h5 class=\"p1\"><span style=\"color: #ffffff;\"><strong>5. KLAPPE AUF! Kurzfilmfestival <\/strong>1.-3. April 2022<\/span><\/h5>[\/et_pb_text][\/et_pb_column][\/et_pb_row][\/et_pb_section][et_pb_section fb_built=\"1\" disabled_on=\"off|off|on\" admin_label=\"Header Festivalleiste Mobil\" module_id=\"festival-header-mobile\" _builder_version=\"3.27.4\" z_index_tablet=\"500\" custom_css_main_element=\" ||\" box_shadow_horizontal_tablet=\"0px\" box_shadow_vertical_tablet=\"0px\" box_shadow_blur_tablet=\"40px\" box_shadow_spread_tablet=\"0px\" global_module=\"3103\" collapsed=\"on\"][et_pb_row make_equal=\"on\" _builder_version=\"3.25\" module_alignment=\"center\" custom_padding=\"7px|0px|0|0px|false|false\"][et_pb_column type=\"4_4\" _builder_version=\"3.0.47\" custom_padding=\"|||\" custom_padding__hover=\"|||\"][et_pb_text admin_label=\"Text\" _builder_version=\"4.7.4\" text_font=\"|700|||||||\" text_text_color=\"#000000\" text_font_size=\"16px\" text_line_height=\"2.6em\" link_font=\"|600|||on||||\" link_text_color=\"rgba(12,12,12,0.59)\" header_2_font=\"Alice||||||||\" header_2_line_height=\"1.5em\" header_5_line_height=\"1.3em\" custom_padding=\"|||90px\" z_index_tablet=\"500\" text_text_shadow_horizontal_length_tablet=\"0px\" text_text_shadow_vertical_length_tablet=\"0px\" text_text_shadow_blur_strength_tablet=\"1px\" link_text_shadow_horizontal_length_tablet=\"0px\" link_text_shadow_vertical_length_tablet=\"0px\" link_text_shadow_blur_strength_tablet=\"1px\" ul_text_shadow_horizontal_length_tablet=\"0px\" ul_text_shadow_vertical_length_tablet=\"0px\" ul_text_shadow_blur_strength_tablet=\"1px\" ol_text_shadow_horizontal_length_tablet=\"0px\" ol_text_shadow_vertical_length_tablet=\"0px\" ol_text_shadow_blur_strength_tablet=\"1px\" quote_text_shadow_horizontal_length_tablet=\"0px\" quote_text_shadow_vertical_length_tablet=\"0px\" quote_text_shadow_blur_strength_tablet=\"1px\" header_text_shadow_horizontal_length_tablet=\"0px\" header_text_shadow_vertical_length_tablet=\"0px\" header_text_shadow_blur_strength_tablet=\"1px\" header_2_text_shadow_horizontal_length_tablet=\"0px\" header_2_text_shadow_vertical_length_tablet=\"0px\" header_2_text_shadow_blur_strength_tablet=\"1px\" header_3_text_shadow_horizontal_length_tablet=\"0px\" header_3_text_shadow_vertical_length_tablet=\"0px\" header_3_text_shadow_blur_strength_tablet=\"1px\" header_4_text_shadow_horizontal_length_tablet=\"0px\" header_4_text_shadow_vertical_length_tablet=\"0px\" header_4_text_shadow_blur_strength_tablet=\"1px\" header_5_text_shadow_horizontal_length_tablet=\"0px\" header_5_text_shadow_vertical_length_tablet=\"0px\" header_5_text_shadow_blur_strength_tablet=\"1px\" header_6_text_shadow_horizontal_length_tablet=\"0px\" header_6_text_shadow_vertical_length_tablet=\"0px\" header_6_text_shadow_blur_strength_tablet=\"1px\" box_shadow_horizontal_tablet=\"0px\" box_shadow_vertical_tablet=\"0px\" box_shadow_blur_tablet=\"40px\" box_shadow_spread_tablet=\"0px\"]<h5 class=\"p1\"><span style=\"color: #ffffff;\"><strong>5. KLAPPE AUF! Kurzfilmfestival <\/strong>1.-3. April 2022<\/span><\/h5>[\/et_pb_text][\/et_pb_column][\/et_pb_row][\/et_pb_section][et_pb_section fb_built=\"1\" _builder_version=\"3.22\"][et_pb_row column_padding_mobile=\"on\" custom_padding_last_edited=\"on|phone\" _builder_version=\"3.25\" background_size=\"initial\" background_position=\"top_left\" background_repeat=\"repeat\" module_alignment=\"center\" custom_padding=\"0||40px||false|false\" custom_padding_tablet=\"\" custom_padding_phone=\"0px||0px|\" use_custom_width=\"on\"][et_pb_column type=\"4_4\" _builder_version=\"3.0.47\" custom_padding=\"|||\" custom_padding__hover=\"|||\"][et_pb_text disabled_on=\"on||\" _builder_version=\"3.27.4\" text_font=\"|800|||||||\" text_text_color=\"#ffffff\" text_letter_spacing=\"3px\" text_line_height=\"1.1em\" background_color=\"#8a025d\" background_size=\"initial\" background_position=\"top_left\" background_repeat=\"repeat\" text_orientation=\"center\" max_width=\"99%\" module_alignment=\"center\" text_font_size_phone=\"30\" text_font_size_last_edited=\"off|tablet\" custom_css_main_element=\"position: relative;||padding: 5px;||top: 48px; \/* Adjust to center text over the line *\/||background: ##8a025d; \/* covers the divider line *\/||width: 180px; \/* extends the background wider than the text *\/||z-index: 6; \/* puts the text on top of the line *\/||text-align: center;\" border_width_all=\"4px\" border_color_all=\"#ffffff\" use_border_color=\"on\"]<p style=\"text-align: center;\">KLAPPE AUF!<\/p>\r\n[\/et_pb_text][et_pb_divider divider_style=\"dotted\" divider_weight=\"4\" disabled_on=\"on|undefined|undefined\" _builder_version=\"3.5.1\" height=\"3px\" custom_css_main_element=\"display: block !important;||z-index: 4 !important;||margin: 0 auto; \/* centers the divider *\/\" saved_tabs=\"all\"]\u00a0\r\n[\/et_pb_divider][\/et_pb_column][\/et_pb_row][et_pb_row use_custom_gutter=\"on\" gutter_width=\"2\" _builder_version=\"3.25\"][et_pb_column type=\"4_4\" _builder_version=\"3.0.47\" custom_padding=\"|||\" custom_padding__hover=\"|||\"][et_pb_text admin_label=\"leichte Sprache\" _builder_version=\"4.8.0\" text_font_size=\"17px\" text_line_height=\"2em\" header_font=\"|700|||||||\" custom_padding=\"||25px|\" hover_enabled=\"0\" border_radii=\"on|3px|3px|3px|3px\" saved_tabs=\"all\" sticky_enabled=\"0\"]<h1 class=\"p1\"><b>Leichte Sprache<br \/><\/b><\/h1>\r\n<p>\u00a0<\/p>\r\n<p>Bei unserem Festival arbeiten Menschen mit und ohne Behinderung in einem Team.<br \/>Wir organisieren das Festival zusammen.<br \/>W\u00e4hrend des Festivals stellen wir den Filmemachern nach ihren Filmen Fragen und unterhalten uns mit dem Publikum.<br \/>Unser Festival findet alle 2 Jahre statt. Der bekannte Filmemacher Fatih Akin unterst\u00fctzt unser Festival.<\/p>\r\n<p>Unser Festival ist f\u00fcr alle!<br \/>Auch Rollstuhlfahrer k\u00f6nnen in das Festivalkino kommen.<br \/>Blinde Menschen k\u00f6nnen sich Kopfh\u00f6rer aufsetzen.<br \/>Ein Sprecher beschreibt alles was im Film passiert.<br \/>Geh\u00f6rlose Menschen k\u00f6nnen das, was im Film gesprochen wird, unten auf der Leinwand lesen.<br \/>Wenn man sich als Geh\u00f6rloser mit anderen Menschen unterhalten will, dann \u00fcbersetzt eine andere Person die Worte mit den H\u00e4nden.<br \/>Die Zeichen von Geh\u00f6rlosen werden auch in Worte \u00fcbersetzt.<br \/>Alle Gespr\u00e4che, die nach den Filmen gef\u00fchrt werden, werden auf die Leinwand geschrieben.<\/p>\r\n<p>Jeder Film kann bei uns eingereicht werden.<br \/>Die Filme d\u00fcrfen nicht l\u00e4nger als 30 Minuten sein.<br \/>Sie d\u00fcrfen erst 2 Jahre alt sein.<\/p>\r\n<p>Es gibt 5 Menschen, die entscheiden welche 3 Filme sie am besten finden.<br \/>Die Gewinner bekommen dann Geld geschenkt.<br \/>Der erste Gewinner bekommt 1.500\u20ac.<br \/>Der zweite Gewinner bekommt 1.000\u20ac und der dritte Gewinner bekommt 500\u20ac.<br \/>Auch das Team und das Publikum d\u00fcrfen einen Lieblingsfilm ausw\u00e4hlen.<br \/>Die beiden Gewinner bekommen dann 1.000\u20ac.<\/p>\r\n<p>Wenn ihr euch mit einem Film bei unserem Festival bewerben wollt, m\u00fcsst ihr uns den Film bis zum 30. April 2021 schicken.<br \/>Daf\u00fcr m\u00fcsst ihr im Internet ein Formular herunterladen.<br \/>Das Formular kann man auf dem Computer speichern und \u00f6ffnen.<br \/>In dem Formular m\u00fcsst ihr Informationen eintragen.<br \/>Wenn ihr den Film nur auf DVD habt, dann m\u00fcsst ihr das ausgef\u00fcllte Formular ausdrucken.<br \/>Ihr m\u00fcsst die DVD zusammen mit dem Formular an diese Adresse schicken:<\/p>\r\n<p>KLAPPE AUF! Kurzfilmfestival<br \/>Altes Finanzamt \/1. Stock<br \/>Gro\u00dfe Bergstra\u00dfe 264-266<br \/>22767 Hamburg<\/p>\r\n<p>Wir k\u00f6nnen euch den Film nicht zur\u00fcckschicken.<br \/>Wenn ihr den Film nur als Datei habt, dann m\u00fcsst ihr das Formular im Internet ausf\u00fcllen und auf das Wort senden dr\u00fccken.<br \/>Danach schreibt uns bitte eine E-Mail an:<\/p>\r\n<p><a href=\"mailto:orga@klappe-auf.com\">orga@klappe-auf.com<\/a><\/p>\r\n<p>Wir erkl\u00e4ren euch dann, wie der Film zu uns kommt.<\/p>\r\n<p>\u00a0<\/p>\r\n[\/et_pb_text][\/et_pb_column][\/et_pb_row][et_pb_row _builder_version=\"3.25\" background_size=\"initial\" background_position=\"top_left\" background_repeat=\"repeat\" custom_padding=\"27px|0px|0px|0px\"][et_pb_column type=\"4_4\" _builder_version=\"3.0.47\" custom_padding=\"|||\" custom_padding__hover=\"|||\"][et_pb_text disabled_on=\"off||\" _builder_version=\"3.27.4\" text_text_color=\"#000000\" text_font_size=\"16px\" header_5_font=\"|700|||||||\" header_5_text_color=\"#000000\" header_5_font_size=\"18px\" module_alignment=\"left\" custom_margin=\"||0px|\" custom_padding=\"||0px|\"]<h5>Neueste Beitr\u00e4ge aus dem Blog<\/h5>\r\n[\/et_pb_text][et_pb_divider divider_style=\"dotted\" divider_weight=\"4\" disabled_on=\"off\" _builder_version=\"3.5.1\" height=\"1px\" hide_on_mobile=\"off\" saved_tabs=\"all\"]\u00a0\r\n[\/et_pb_divider][et_pb_dp_oc number_post=\"20\" include_categories=\"9\" show_post_title=\"on\" show_post_date=\"on\" slide_auto=\"off\" background_layout=\"light\" disabled_on=\"off|off|off\" admin_label=\"++++Blogkarusell Home\" _builder_version=\"3.13.1\" post_title_font=\"|700|||||||\" post_title_text_color=\"#000000\" post_title_font_size=\"16\" post_meta_font=\"|600|||||||\" post_meta_text_color=\"#8a025d\" post_meta_font_size=\"14\" post_meta_line_height=\"1.3\" post_excerpt_font=\"||||\" custom_margin=\"0px||0px|\" custom_padding=\"0px||0px|\" custom_padding_tablet=\"10px|||\" post_title_font_size_tablet=\"51\" post_title_line_height_tablet=\"2\" post_meta_font_size_tablet=\"51\" post_excerpt_font_size_tablet=\"51\" post_excerpt_line_height_tablet=\"2\" global_module=\"343\" saved_tabs=\"all\"][\/et_pb_dp_oc][et_pb_divider color=\"rgba(48,48,48,0.17)\" disabled_on=\"on|on|on\" _builder_version=\"3.23.4\" height=\"3px\" custom_margin=\"0px|||\" custom_padding=\"0px|||\" hide_on_mobile=\"off\" disabled=\"on\" saved_tabs=\"all\"]\u00a0\r\n[\/et_pb_divider][\/et_pb_column][\/et_pb_row][\/et_pb_section]","_et_gb_content_width":"","footnotes":""},"class_list":["post-5164","page","type-page","status-publish","hentry"],"_links":{"self":[{"href":"https:\/\/klappe-auf.com\/en\/wp-json\/wp\/v2\/pages\/5164","targetHints":{"allow":["GET"]}}],"collection":[{"href":"https:\/\/klappe-auf.com\/en\/wp-json\/wp\/v2\/pages"}],"about":[{"href":"https:\/\/klappe-auf.com\/en\/wp-json\/wp\/v2\/types\/page"}],"author":[{"embeddable":true,"href":"https:\/\/klappe-auf.com\/en\/wp-json\/wp\/v2\/users\/7"}],"replies":[{"embeddable":true,"href":"https:\/\/klappe-auf.com\/en\/wp-json\/wp\/v2\/comments?post=5164"}],"version-history":[{"count":6,"href":"https:\/\/klappe-auf.com\/en\/wp-json\/wp\/v2\/pages\/5164\/revisions"}],"predecessor-version":[{"id":6719,"href":"https:\/\/klappe-auf.com\/en\/wp-json\/wp\/v2\/pages\/5164\/revisions\/6719"}],"wp:attachment":[{"href":"https:\/\/klappe-auf.com\/en\/wp-json\/wp\/v2\/media?parent=5164"}],"curies":[{"name":"wp","href":"https:\/\/api.w.org\/{rel}","templated":true}]}}