{"id":695,"date":"2018-06-19T12:10:36","date_gmt":"2018-06-19T10:10:36","guid":{"rendered":"https:\/\/klappe-auf.org\/relaunch\/?page_id=695"},"modified":"2024-12-19T15:46:19","modified_gmt":"2024-12-19T14:46:19","slug":"filme-fotos-festival-2013","status":"publish","type":"page","link":"https:\/\/klappe-auf.com\/en\/filme-fotos-festival-2013\/","title":{"rendered":"Filme &#038; Fotos-Festival 2013"},"content":{"rendered":"<p>[et_pb_section fb_built=&#8221;1&#8243; disabled_on=&#8221;on|on|off&#8221; admin_label=&#8221;Header Festivalleiste&#8221; module_id=&#8221;festival-header&#8221; _builder_version=&#8221;4.17.6&#8243; custom_padding=&#8221;||||false|false&#8221; z_index_tablet=&#8221;500&#8243; custom_css_main_element=&#8221;||&#8221; box_shadow_horizontal_tablet=&#8221;0px&#8221; box_shadow_vertical_tablet=&#8221;0px&#8221; box_shadow_blur_tablet=&#8221;40px&#8221; box_shadow_spread_tablet=&#8221;0px&#8221; global_module=&#8221;1457&#8243; locked=&#8221;off&#8221; collapsed=&#8221;off&#8221; global_colors_info=&#8221;{}&#8221;][et_pb_row make_equal=&#8221;on&#8221; _builder_version=&#8221;4.16&#8243; module_alignment=&#8221;center&#8221; custom_padding=&#8221;7px|0px|0|0px|false|false&#8221; global_colors_info=&#8221;{}&#8221;][et_pb_column type=&#8221;4_4&#8243; _builder_version=&#8221;4.16&#8243; custom_padding=&#8221;|||&#8221; global_colors_info=&#8221;{}&#8221; custom_padding__hover=&#8221;|||&#8221;][et_pb_text disabled_on=&#8221;off|off|off&#8221; _builder_version=&#8221;4.23.4&#8243; text_font=&#8221;|700|||||||&#8221; text_text_color=&#8221;#000000&#8243; text_font_size=&#8221;16px&#8221; background_color=&#8221;RGBA(255,255,255,0)&#8221; background_size=&#8221;initial&#8221; background_position=&#8221;top_left&#8221; background_repeat=&#8221;repeat&#8221; custom_padding=&#8221;|||90px|false|false&#8221; text_font_size_phone=&#8221;30&#8243; text_font_size_last_edited=&#8221;off|tablet&#8221; global_colors_info=&#8221;{}&#8221; border_color_all__hover_enabled=&#8221;off|desktop&#8221;]<\/p>\n<h5 class=\"p1\"><span style=\"color: #ffffff;\"><strong>6. KLAPPE AUF! Kurzfilmfestival <\/strong>4.-5. April 2025<\/span><\/h5>\n<p>[\/et_pb_text][\/et_pb_column][\/et_pb_row][\/et_pb_section][et_pb_section fb_built=&#8221;1&#8243; disabled_on=&#8221;off|off|on&#8221; admin_label=&#8221;Header Festivalleiste Mobil&#8221; module_id=&#8221;festival-header-mobile&#8221; _builder_version=&#8221;4.17.6&#8243; z_index_tablet=&#8221;500&#8243; custom_css_main_element=&#8221; top: 0px;&#8221; box_shadow_horizontal_tablet=&#8221;0px&#8221; box_shadow_vertical_tablet=&#8221;0px&#8221; box_shadow_blur_tablet=&#8221;40px&#8221; box_shadow_spread_tablet=&#8221;0px&#8221; global_module=&#8221;3103&#8243; collapsed=&#8221;off&#8221; global_colors_info=&#8221;{}&#8221;][et_pb_row make_equal=&#8221;on&#8221; _builder_version=&#8221;4.16&#8243; module_alignment=&#8221;center&#8221; custom_padding=&#8221;7px|0px|0|0px|false|false&#8221; global_colors_info=&#8221;{}&#8221;][et_pb_column type=&#8221;4_4&#8243; _builder_version=&#8221;4.16&#8243; custom_padding=&#8221;|||&#8221; global_colors_info=&#8221;{}&#8221; custom_padding__hover=&#8221;|||&#8221;][et_pb_text disabled_on=&#8221;off|off|off&#8221; _builder_version=&#8221;4.23.4&#8243; text_font=&#8221;|700|||||||&#8221; text_text_color=&#8221;#000000&#8243; text_font_size=&#8221;16px&#8221; text_line_height=&#8221;2.6em&#8221; background_color=&#8221;RGBA(255,255,255,0)&#8221; background_size=&#8221;initial&#8221; background_position=&#8221;top_left&#8221; background_repeat=&#8221;repeat&#8221; custom_padding=&#8221;|||90px|false|false&#8221; text_font_size_phone=&#8221;30&#8243; text_font_size_last_edited=&#8221;off|tablet&#8221; border_color_all=&#8221;#ffffff&#8221; global_colors_info=&#8221;{}&#8221;]<\/p>\n<h5 class=\"p1\"><span style=\"color: #ffffff;\"><strong>6. KLAPPE AUF! Kurzfilmfestival <\/strong>4.-5. April 2025<\/span><\/h5>\n<p>[\/et_pb_text][\/et_pb_column][\/et_pb_row][\/et_pb_section][et_pb_section fb_built=&#8221;1&#8243; _builder_version=&#8221;4.16&#8243; global_colors_info=&#8221;{}&#8221;][et_pb_row column_padding_mobile=&#8221;on&#8221; custom_padding_last_edited=&#8221;on|phone&#8221; _builder_version=&#8221;4.16&#8243; background_size=&#8221;initial&#8221; background_position=&#8221;top_left&#8221; background_repeat=&#8221;repeat&#8221; module_alignment=&#8221;center&#8221; custom_padding=&#8221;0||40px||false|false&#8221; custom_padding_tablet=&#8221;&#8221; custom_padding_phone=&#8221;0px||0px|&#8221; use_custom_width=&#8221;on&#8221; global_colors_info=&#8221;{}&#8221;][et_pb_column type=&#8221;4_4&#8243; _builder_version=&#8221;4.16&#8243; custom_padding=&#8221;|||&#8221; global_colors_info=&#8221;{}&#8221; custom_padding__hover=&#8221;|||&#8221;][et_pb_text disabled_on=&#8221;on||&#8221; _builder_version=&#8221;4.16&#8243; text_font=&#8221;|800|||||||&#8221; text_text_color=&#8221;#ffffff&#8221; text_letter_spacing=&#8221;3px&#8221; text_line_height=&#8221;1.1em&#8221; background_color=&#8221;#8a025d&#8221; background_size=&#8221;initial&#8221; background_position=&#8221;top_left&#8221; background_repeat=&#8221;repeat&#8221; text_orientation=&#8221;center&#8221; max_width=&#8221;99%&#8221; module_alignment=&#8221;center&#8221; hover_enabled=&#8221;0&#8243; text_font_size_phone=&#8221;30&#8243; text_font_size_last_edited=&#8221;off|tablet&#8221; custom_css_main_element=&#8221;position: relative;||padding: 5px;||top: 48px; \/* Adjust to center text over the line *\/||background: ##8a025d; \/* covers the divider line *\/||width: 180px; \/* extends the background wider than the text *\/||z-index: 6; \/* puts the text on top of the line *\/||text-align: center;&#8221; border_width_all=&#8221;4px&#8221; border_color_all=&#8221;#ffffff&#8221; use_border_color=&#8221;on&#8221; global_colors_info=&#8221;{}&#8221; sticky_enabled=&#8221;0&#8243;]<\/p>\n<p style=\"text-align: center;\">FILME &amp; FOTOS<\/p>\n<p>[\/et_pb_text][et_pb_divider divider_style=&#8221;dotted&#8221; divider_weight=&#8221;4&#8243; disabled_on=&#8221;on|undefined|undefined&#8221; _builder_version=&#8221;4.16&#8243; height=&#8221;3px&#8221; custom_css_main_element=&#8221;display: block !important;||z-index: 4 !important;||margin: 0 auto; \/* centers the divider *\/&#8221; saved_tabs=&#8221;all&#8221; global_colors_info=&#8221;{}&#8221;]&nbsp;<br \/>\n[\/et_pb_divider][\/et_pb_column][\/et_pb_row][et_pb_row _builder_version=&#8221;4.16&#8243; background_size=&#8221;initial&#8221; background_position=&#8221;top_left&#8221; background_repeat=&#8221;repeat&#8221; custom_padding=&#8221;27px|0px|0|0px|false|false&#8221; global_colors_info=&#8221;{}&#8221;][et_pb_column type=&#8221;4_4&#8243; _builder_version=&#8221;4.16&#8243; custom_padding=&#8221;|||&#8221; global_colors_info=&#8221;{}&#8221; custom_padding__hover=&#8221;|||&#8221;][et_pb_text _builder_version=&#8221;4.27.4&#8243; header_font=&#8221;|700|||||||&#8221; hover_enabled=&#8221;0&#8243; border_radii=&#8221;on|3px|3px|3px|3px&#8221; saved_tabs=&#8221;all&#8221; global_colors_info=&#8221;{}&#8221; sticky_enabled=&#8221;0&#8243;]<\/p>\n<h1><strong>Festival 2013<\/strong><\/h1>\n<p class=\"p1\"><span>Fast 1.600 Besucher waren zwischen dem 25. \u2013 27. November 2013<span class=\"Apple-converted-space\">\u00a0 <\/span>im Metropolis Kino. Wir sind total gl\u00fccklich \u00fcber diesen Erfolg und das gute Feedback, dass das KLAPPE AUF!-Team f\u00fcr die Programmauswahl bekommen hat.<br \/>\n<\/span><span>Die f\u00fcnfk\u00f6pfige Jury mit Nadja Ulrich, Jessica Schr\u00f6der, Graf Fidi, Christian Bau und Louisa Marie Pethke haben drei Preise vergeben:<\/span><\/p>\n<p class=\"p1\"><span>1. Preis <b>AUFSICHT<\/b> von Lion Bischof<br \/>\n<\/span><span>2. Preis: <b>BOLZPLATZ<\/b> Lutz Meissner<br \/>\n<\/span><span>3. Preis: <b>BLIND DATE MAMA<\/b> von Catrine Val<br \/>\n<\/span><span>Eine lobende Erw\u00e4hnung erhielt <b>TR\u00dcMMERFELD<\/b> von Kuesti Fraun.<br \/>\n<\/span><span>Der Publikumspreis ging an <b>TESTFAHRER<\/b> von Florian Arndt und wurde von der Schauspielerin Catherine Flemming \u00fcberreicht.<br \/>\n<\/span><span>Den Teampreis des KLAPPE AUF!-Teams erhielt <b>FINDLINGE<\/b> von Filia Piskorzynski, Anke B\u00f6ttcher und Alexandra Heneka.<\/span><\/p>\n<p>[\/et_pb_text][et_pb_divider color=&#8221;rgba(48,48,48,0.17)&#8221; disabled_on=&#8221;off&#8221; _builder_version=&#8221;4.16&#8243; height=&#8221;3px&#8221; hide_on_mobile=&#8221;off&#8221; saved_tabs=&#8221;all&#8221; global_colors_info=&#8221;{}&#8221;]&nbsp;<br \/>\n[\/et_pb_divider][et_pb_text _builder_version=&#8221;4.16&#8243; header_font=&#8221;|700|||||||&#8221; border_radii=&#8221;on|3px|3px|3px|3px&#8221; saved_tabs=&#8221;all&#8221; global_colors_info=&#8221;{}&#8221;]<\/p>\n<h2><strong>Trailer<\/strong><\/h2>\n<p class=\"p1\">Unser Festivaltrailer ist unter der Regie von Eibe Maleen Krebs entstanden (links: mit Audiodeskription).<\/p>\n<p>[\/et_pb_text][\/et_pb_column][\/et_pb_row][et_pb_row _builder_version=&#8221;4.16&#8243; background_size=&#8221;initial&#8221; background_position=&#8221;top_left&#8221; background_repeat=&#8221;repeat&#8221; global_colors_info=&#8221;{}&#8221; column_structure=&#8221;1_2,1_2&#8243;][et_pb_column type=&#8221;1_2&#8243; _builder_version=&#8221;4.16&#8243; custom_padding=&#8221;|||&#8221; global_colors_info=&#8221;{}&#8221; custom_padding__hover=&#8221;|||&#8221;][et_pb_video src=&#8221;https:\/\/vimeo.com\/265976446&#8243; image_src=&#8221;\/\/i.vimeocdn.com\/video\/696118931_295x166.jpg&#8221; _builder_version=&#8221;4.16&#8243; global_colors_info=&#8221;{}&#8221;]&nbsp;<br \/>\n[\/et_pb_video][\/et_pb_column][et_pb_column type=&#8221;1_2&#8243; _builder_version=&#8221;4.16&#8243; custom_padding=&#8221;|||&#8221; global_colors_info=&#8221;{}&#8221; custom_padding__hover=&#8221;|||&#8221;][et_pb_video src=&#8221;https:\/\/vimeo.com\/265976401&#8243; image_src=&#8221;\/\/i.vimeocdn.com\/video\/696118981_640.jpg&#8221; _builder_version=&#8221;4.16&#8243; global_colors_info=&#8221;{}&#8221;]&nbsp;<br \/>\n[\/et_pb_video][\/et_pb_column][\/et_pb_row][et_pb_row _builder_version=&#8221;4.16&#8243; background_size=&#8221;initial&#8221; background_position=&#8221;top_left&#8221; background_repeat=&#8221;repeat&#8221; global_colors_info=&#8221;{}&#8221;][et_pb_column type=&#8221;4_4&#8243; _builder_version=&#8221;4.16&#8243; custom_padding=&#8221;|||&#8221; global_colors_info=&#8221;{}&#8221; custom_padding__hover=&#8221;|||&#8221;][et_pb_text _builder_version=&#8221;4.16&#8243; header_font=&#8221;|700|||||||&#8221; border_radii=&#8221;on|3px|3px|3px|3px&#8221; saved_tabs=&#8221;all&#8221; global_colors_info=&#8221;{}&#8221;]<\/p>\n<h2><strong>Teamfilm<\/strong><\/h2>\n<p class=\"p1\"><b>KLAPPE AUF! alle an bord<span class=\"Apple-converted-space\">\u00a0 <\/span><\/b>Ein Dokumentarfilm von Dario Aguirre \u00fcber die Entstehung unseres Festivals.<\/p>\n<p>[\/et_pb_text][et_pb_video src=&#8221;https:\/\/vimeo.com\/277760485&#8243; image_src=&#8221;\/\/i.vimeocdn.com\/video\/710624977_640.jpg&#8221; _builder_version=&#8221;4.16&#8243; global_colors_info=&#8221;{}&#8221;]&nbsp;<br \/>\n[\/et_pb_video][et_pb_divider color=&#8221;rgba(48,48,48,0.17)&#8221; disabled_on=&#8221;off&#8221; _builder_version=&#8221;4.16&#8243; height=&#8221;3px&#8221; custom_padding=&#8221;40px|||&#8221; hide_on_mobile=&#8221;off&#8221; saved_tabs=&#8221;all&#8221; global_colors_info=&#8221;{}&#8221;]&nbsp;<br \/>\n[\/et_pb_divider][\/et_pb_column][\/et_pb_row][et_pb_row use_custom_gutter=&#8221;on&#8221; gutter_width=&#8221;2&#8243; _builder_version=&#8221;4.16&#8243; global_colors_info=&#8221;{}&#8221;][et_pb_column type=&#8221;4_4&#8243; _builder_version=&#8221;4.16&#8243; custom_padding=&#8221;|||&#8221; global_colors_info=&#8221;{}&#8221; custom_padding__hover=&#8221;|||&#8221;][et_pb_text _builder_version=&#8221;4.16&#8243; header_font=&#8221;|700|||||||&#8221; border_radii=&#8221;on|3px|3px|3px|3px&#8221; saved_tabs=&#8221;all&#8221; global_colors_info=&#8221;{}&#8221;]<\/p>\n<h2><strong>Fotos<\/strong><\/h2>\n<p>[\/et_pb_text][et_pb_gallery gallery_ids=&#8221;696,697,698,699,700,701,702,703,704,705,706,707,708,709,710,711,712,713,714,715,716,717,718,719,720,721,722,723,724,725,726,727,728,729,730,731,732,733,734,735,736,737,738,739,740,741,742,743,744,745,746,747,748,749,750,751&#8243; gallery_orderby=&#8221;rand&#8221; posts_number=&#8221;56&#8243; show_title_and_caption=&#8221;off&#8221; show_pagination=&#8221;off&#8221; hover_overlay_color=&#8221;rgba(255,255,255,0.4)&#8221; _builder_version=&#8221;4.16&#8243; custom_margin=&#8221;30px||0px|&#8221; pagination_font_size_tablet=&#8221;51&#8243; pagination_line_height_tablet=&#8221;2&#8243; custom_css_gallery_item_caption=&#8221;display: none;&#8221; saved_tabs=&#8221;all&#8221; global_colors_info=&#8221;{}&#8221;]&nbsp;<br \/>\n[\/et_pb_gallery][et_pb_text _builder_version=&#8221;4.16&#8243; text_orientation=&#8221;right&#8221; saved_tabs=&#8221;all&#8221; global_colors_info=&#8221;{}&#8221;]<\/p>\n<p class=\"p1\">\u00a9 Annika B\u00f6rn \u2013 <a href=\"http:\/\/annikaboerm.tumblr.com\" target=\"_blank\" rel=\"noopener noreferrer\">http:\/\/annikaboerm.tumblr.com<\/a><\/p>\n<p>[\/et_pb_text][\/et_pb_column][\/et_pb_row][et_pb_row _builder_version=&#8221;4.16&#8243; background_size=&#8221;initial&#8221; background_position=&#8221;top_left&#8221; background_repeat=&#8221;repeat&#8221; custom_padding=&#8221;27px|0px|0px|0px&#8221; global_colors_info=&#8221;{}&#8221;][et_pb_column type=&#8221;4_4&#8243; _builder_version=&#8221;4.16&#8243; custom_padding=&#8221;|||&#8221; global_colors_info=&#8221;{}&#8221; custom_padding__hover=&#8221;|||&#8221;][et_pb_text disabled_on=&#8221;off||&#8221; _builder_version=&#8221;4.16&#8243; text_text_color=&#8221;#000000&#8243; text_font_size=&#8221;16px&#8221; header_5_font=&#8221;|700|||||||&#8221; header_5_text_color=&#8221;#000000&#8243; header_5_font_size=&#8221;18px&#8221; module_alignment=&#8221;left&#8221; custom_margin=&#8221;||0px|&#8221; custom_padding=&#8221;||0px|&#8221; global_colors_info=&#8221;{}&#8221;]<\/p>\n<h5>Neueste Beitr\u00e4ge aus dem Blog<\/h5>\n<p>[\/et_pb_text][et_pb_divider divider_style=&#8221;dotted&#8221; divider_weight=&#8221;4&#8243; disabled_on=&#8221;off&#8221; _builder_version=&#8221;4.16&#8243; height=&#8221;1px&#8221; hide_on_mobile=&#8221;off&#8221; saved_tabs=&#8221;all&#8221; global_colors_info=&#8221;{}&#8221;]&nbsp;<br \/>\n[\/et_pb_divider][et_pb_dp_oc number_post=&#8221;20&#8243; include_categories=&#8221;9&#8243; show_post_title=&#8221;on&#8221; show_post_date=&#8221;on&#8221; slide_auto=&#8221;off&#8221; background_layout=&#8221;light&#8221; disabled_on=&#8221;off|off|off&#8221; admin_label=&#8221;++++Blogkarusell Home&#8221; _builder_version=&#8221;3.13.1&#8243; post_title_font=&#8221;|700|||||||&#8221; post_title_text_color=&#8221;#000000&#8243; post_title_font_size=&#8221;16&#8243; post_meta_font=&#8221;|600|||||||&#8221; post_meta_text_color=&#8221;#8a025d&#8221; post_meta_font_size=&#8221;14&#8243; post_meta_line_height=&#8221;1.3&#8243; post_excerpt_font=&#8221;||||&#8221; custom_margin=&#8221;0px||0px|&#8221; custom_padding=&#8221;0px||0px|&#8221; custom_padding_tablet=&#8221;10px|||&#8221; post_title_font_size_tablet=&#8221;51&#8243; post_title_line_height_tablet=&#8221;2&#8243; post_meta_font_size_tablet=&#8221;51&#8243; post_excerpt_font_size_tablet=&#8221;51&#8243; post_excerpt_line_height_tablet=&#8221;2&#8243; global_module=&#8221;343&#8243; saved_tabs=&#8221;all&#8221; global_colors_info=&#8221;{}&#8221;][\/et_pb_dp_oc][et_pb_divider color=&#8221;rgba(48,48,48,0.17)&#8221; disabled_on=&#8221;on|on|on&#8221; _builder_version=&#8221;4.16&#8243; height=&#8221;3px&#8221; custom_margin=&#8221;0px|||&#8221; custom_padding=&#8221;0px|||&#8221; hide_on_mobile=&#8221;off&#8221; disabled=&#8221;on&#8221; saved_tabs=&#8221;all&#8221; global_colors_info=&#8221;{}&#8221;]&nbsp;<br \/>\n[\/et_pb_divider][\/et_pb_column][\/et_pb_row][\/et_pb_section]<\/p>\n","protected":false},"excerpt":{"rendered":"<p>6. KLAPPE AUF! Kurzfilmfestival 4.-5. April 20256. KLAPPE AUF! Kurzfilmfestival 4.-5. April 2025FILME &amp; FOTOS &nbsp; Festival 2013 Fast 1.600 Besucher waren zwischen dem 25. \u2013 27. November 2013\u00a0 im Metropolis Kino. Wir sind total gl\u00fccklich \u00fcber diesen Erfolg und das gute Feedback, dass das KLAPPE AUF!-Team f\u00fcr die Programmauswahl bekommen hat. Die f\u00fcnfk\u00f6pfige Jury [&hellip;]<\/p>\n","protected":false},"author":1,"featured_media":0,"parent":0,"menu_order":0,"comment_status":"closed","ping_status":"closed","template":"","meta":{"_et_pb_use_builder":"on","_et_pb_old_content":"<p>[et_pb_section bb_built=\"1\"][et_pb_row][et_pb_column type=\"4_4\"][\/et_pb_column][\/et_pb_row][\/et_pb_section]<\/p>","_et_gb_content_width":"","footnotes":""},"class_list":["post-695","page","type-page","status-publish","hentry"],"_links":{"self":[{"href":"https:\/\/klappe-auf.com\/en\/wp-json\/wp\/v2\/pages\/695","targetHints":{"allow":["GET"]}}],"collection":[{"href":"https:\/\/klappe-auf.com\/en\/wp-json\/wp\/v2\/pages"}],"about":[{"href":"https:\/\/klappe-auf.com\/en\/wp-json\/wp\/v2\/types\/page"}],"author":[{"embeddable":true,"href":"https:\/\/klappe-auf.com\/en\/wp-json\/wp\/v2\/users\/1"}],"replies":[{"embeddable":true,"href":"https:\/\/klappe-auf.com\/en\/wp-json\/wp\/v2\/comments?post=695"}],"version-history":[{"count":6,"href":"https:\/\/klappe-auf.com\/en\/wp-json\/wp\/v2\/pages\/695\/revisions"}],"predecessor-version":[{"id":7258,"href":"https:\/\/klappe-auf.com\/en\/wp-json\/wp\/v2\/pages\/695\/revisions\/7258"}],"wp:attachment":[{"href":"https:\/\/klappe-auf.com\/en\/wp-json\/wp\/v2\/media?parent=695"}],"curies":[{"name":"wp","href":"https:\/\/api.w.org\/{rel}","templated":true}]}}